
{"id":65507,"date":"2021-09-23T14:05:01","date_gmt":"2021-09-23T12:21:52","guid":{"rendered":"https:\/\/stage.shop-cellularswiss.ch\/produit\/mantis-mono-universale\/"},"modified":"2021-09-23T14:21:57","modified_gmt":"2021-09-23T12:21:57","slug":"mantis-mono-universale","status":"publish","type":"product","link":"https:\/\/stage.shop-cellularswiss.ch\/de\/produit\/mantis-mono-universale\/","title":{"rendered":"MANTIS MONO &#8211; UNIVERSALE"},"content":{"rendered":"<p>Mantis Mono ist ein Mono-Headset im innovativen Kapseldesign mit Soft-Touch-Verarbeitung, Mikrofon mit Anrufannahmetaste und \u201eClear Voice\u201c-Technologie, die eine bestm\u00f6gliche Audio-Qualit\u00e4t bei Telefonanrufen erm\u00f6glicht. Insbesondere erm\u00f6glicht das Kapseldesign die bestm\u00f6gliche Lenkung des Tons und bietet den h\u00f6chsten Tragekomfort.<\/p>\n","protected":false},"excerpt":{"rendered":"<p>Mono-Headset im Kapseldesign<\/p>\n","protected":false},"featured_media":0,"comment_status":"closed","ping_status":"closed","template":"","meta":{"_et_pb_use_builder":"","_et_pb_old_content":"","_et_gb_content_width":""},"pwb-brand":[],"product_cat":[493,512],"product_tag":[],"compatibilite":[],"compatibilite_smartphone":[4725],"brands":[],"_links":{"self":[{"href":"https:\/\/stage.shop-cellularswiss.ch\/de\/wp-json\/wp\/v2\/product\/65507"}],"collection":[{"href":"https:\/\/stage.shop-cellularswiss.ch\/de\/wp-json\/wp\/v2\/product"}],"about":[{"href":"https:\/\/stage.shop-cellularswiss.ch\/de\/wp-json\/wp\/v2\/types\/product"}],"replies":[{"embeddable":true,"href":"https:\/\/stage.shop-cellularswiss.ch\/de\/wp-json\/wp\/v2\/comments?post=65507"}],"wp:attachment":[{"href":"https:\/\/stage.shop-cellularswiss.ch\/de\/wp-json\/wp\/v2\/media?parent=65507"}],"wp:term":[{"taxonomy":"pwb-brand","embeddable":true,"href":"https:\/\/stage.shop-cellularswiss.ch\/de\/wp-json\/wp\/v2\/pwb-brand?post=65507"},{"taxonomy":"product_cat","embeddable":true,"href":"https:\/\/stage.shop-cellularswiss.ch\/de\/wp-json\/wp\/v2\/product_cat?post=65507"},{"taxonomy":"product_tag","embeddable":true,"href":"https:\/\/stage.shop-cellularswiss.ch\/de\/wp-json\/wp\/v2\/product_tag?post=65507"},{"taxonomy":"compatibilite","embeddable":true,"href":"https:\/\/stage.shop-cellularswiss.ch\/de\/wp-json\/wp\/v2\/compatibilite?post=65507"},{"taxonomy":"compatibilite_smartphone","embeddable":true,"href":"https:\/\/stage.shop-cellularswiss.ch\/de\/wp-json\/wp\/v2\/compatibilite_smartphone?post=65507"}],"curies":[{"name":"wp","href":"https:\/\/api.w.org\/{rel}","templated":true}]}}