
{"id":65508,"date":"2021-09-23T14:05:03","date_gmt":"2021-09-23T12:21:57","guid":{"rendered":"https:\/\/stage.shop-cellularswiss.ch\/produit\/music-muffs-universal\/"},"modified":"2021-09-23T14:21:59","modified_gmt":"2021-09-23T12:21:59","slug":"music-muffs-universal","status":"publish","type":"product","link":"https:\/\/stage.shop-cellularswiss.ch\/de\/produit\/music-muffs-universal\/","title":{"rendered":"Music Muffs &#8211; Universal"},"content":{"rendered":"<p>Music Muffs sind warme Ohrensch\u00fctzer mit integriertem Stereo-Kopfh\u00f6rer, mit denen du Musik h\u00f6ren und Telefongespr\u00e4che f\u00fchren kannst, ohne kalte Ohren zu bekommen. Unerl\u00e4ssliches Accessoire gegen die K\u00e4lte mit Mikrofon, Rufannahmetaste und Lautst\u00e4rkeregler, damit der Winter der Liebe zur Musik nicht entgegensteht.<\/p>\n","protected":false},"excerpt":{"rendered":"<p>Die Ohrensch\u00fctzer mit Musik<\/p>\n","protected":false},"featured_media":0,"comment_status":"closed","ping_status":"closed","template":"","meta":{"_et_pb_use_builder":"","_et_pb_old_content":"","_et_gb_content_width":""},"pwb-brand":[],"product_cat":[493],"product_tag":[],"compatibilite":[],"compatibilite_smartphone":[4725],"brands":[],"_links":{"self":[{"href":"https:\/\/stage.shop-cellularswiss.ch\/de\/wp-json\/wp\/v2\/product\/65508"}],"collection":[{"href":"https:\/\/stage.shop-cellularswiss.ch\/de\/wp-json\/wp\/v2\/product"}],"about":[{"href":"https:\/\/stage.shop-cellularswiss.ch\/de\/wp-json\/wp\/v2\/types\/product"}],"replies":[{"embeddable":true,"href":"https:\/\/stage.shop-cellularswiss.ch\/de\/wp-json\/wp\/v2\/comments?post=65508"}],"wp:attachment":[{"href":"https:\/\/stage.shop-cellularswiss.ch\/de\/wp-json\/wp\/v2\/media?parent=65508"}],"wp:term":[{"taxonomy":"pwb-brand","embeddable":true,"href":"https:\/\/stage.shop-cellularswiss.ch\/de\/wp-json\/wp\/v2\/pwb-brand?post=65508"},{"taxonomy":"product_cat","embeddable":true,"href":"https:\/\/stage.shop-cellularswiss.ch\/de\/wp-json\/wp\/v2\/product_cat?post=65508"},{"taxonomy":"product_tag","embeddable":true,"href":"https:\/\/stage.shop-cellularswiss.ch\/de\/wp-json\/wp\/v2\/product_tag?post=65508"},{"taxonomy":"compatibilite","embeddable":true,"href":"https:\/\/stage.shop-cellularswiss.ch\/de\/wp-json\/wp\/v2\/compatibilite?post=65508"},{"taxonomy":"compatibilite_smartphone","embeddable":true,"href":"https:\/\/stage.shop-cellularswiss.ch\/de\/wp-json\/wp\/v2\/compatibilite_smartphone?post=65508"}],"curies":[{"name":"wp","href":"https:\/\/api.w.org\/{rel}","templated":true}]}}