
{"id":65523,"date":"2021-09-23T14:05:42","date_gmt":"2021-09-23T12:22:28","guid":{"rendered":"https:\/\/stage.shop-cellularswiss.ch\/produit\/sensation-iphone-13-2\/"},"modified":"2021-09-29T15:17:35","modified_gmt":"2021-09-29T13:17:35","slug":"sensation-iphone-13-2","status":"publish","type":"product","link":"https:\/\/stage.shop-cellularswiss.ch\/de\/produit\/sensation-iphone-13-2\/","title":{"rendered":"Sensation &#8211; iPhone 13"},"content":{"rendered":"<p>Sensation ist die Silikonschutzh\u00fclle, die sich perfekt dem Design des Smartphones anpasst und dessen Ecken, Kanten und \u00d6ffnungen vollst\u00e4ndig sch\u00fctzt. Die aus sich angenehm anzuf\u00fchlendem Soft-Touch-Material gefertigte Schutzh\u00fclle Sensation ist innen mit vor Kratzern sch\u00fctzenden Mikrofasern verkleidet und sch\u00fctzt das Telefon auf diskrete, elegante und farbenfrohe Weise. Die in der H\u00fclle integrierte antibakterielle Formel wirkt kontinuierlich, eliminiert 99,9 % der Bakterien von der behandelten Oberfl\u00e4che und verhindert deren Vermehrung.<\/p>\n","protected":false},"excerpt":{"rendered":"<p>Soft-Touch-Schutzh\u00fclle aus Silikon mit integrierter antibakterieller Technologie Microban\u00ae<\/p>\n","protected":false},"featured_media":66257,"comment_status":"closed","ping_status":"closed","template":"","meta":{"_et_pb_use_builder":"","_et_pb_old_content":"","_et_gb_content_width":""},"pwb-brand":[],"product_cat":[542,559],"product_tag":[],"compatibilite":[],"compatibilite_smartphone":[4726,4730,4729],"brands":[],"_links":{"self":[{"href":"https:\/\/stage.shop-cellularswiss.ch\/de\/wp-json\/wp\/v2\/product\/65523"}],"collection":[{"href":"https:\/\/stage.shop-cellularswiss.ch\/de\/wp-json\/wp\/v2\/product"}],"about":[{"href":"https:\/\/stage.shop-cellularswiss.ch\/de\/wp-json\/wp\/v2\/types\/product"}],"replies":[{"embeddable":true,"href":"https:\/\/stage.shop-cellularswiss.ch\/de\/wp-json\/wp\/v2\/comments?post=65523"}],"wp:featuredmedia":[{"embeddable":true,"href":"https:\/\/stage.shop-cellularswiss.ch\/de\/wp-json\/wp\/v2\/media\/66257"}],"wp:attachment":[{"href":"https:\/\/stage.shop-cellularswiss.ch\/de\/wp-json\/wp\/v2\/media?parent=65523"}],"wp:term":[{"taxonomy":"pwb-brand","embeddable":true,"href":"https:\/\/stage.shop-cellularswiss.ch\/de\/wp-json\/wp\/v2\/pwb-brand?post=65523"},{"taxonomy":"product_cat","embeddable":true,"href":"https:\/\/stage.shop-cellularswiss.ch\/de\/wp-json\/wp\/v2\/product_cat?post=65523"},{"taxonomy":"product_tag","embeddable":true,"href":"https:\/\/stage.shop-cellularswiss.ch\/de\/wp-json\/wp\/v2\/product_tag?post=65523"},{"taxonomy":"compatibilite","embeddable":true,"href":"https:\/\/stage.shop-cellularswiss.ch\/de\/wp-json\/wp\/v2\/compatibilite?post=65523"},{"taxonomy":"compatibilite_smartphone","embeddable":true,"href":"https:\/\/stage.shop-cellularswiss.ch\/de\/wp-json\/wp\/v2\/compatibilite_smartphone?post=65523"}],"curies":[{"name":"wp","href":"https:\/\/api.w.org\/{rel}","templated":true}]}}