
{"id":65541,"date":"2021-09-23T14:06:29","date_gmt":"2021-09-23T12:23:09","guid":{"rendered":"https:\/\/stage.shop-cellularswiss.ch\/produit\/soul-universal\/"},"modified":"2021-09-23T14:23:15","modified_gmt":"2021-09-23T12:23:15","slug":"soul-universal","status":"publish","type":"product","link":"https:\/\/stage.shop-cellularswiss.ch\/de\/produit\/soul-universal\/","title":{"rendered":"Soul &#8211; Universal"},"content":{"rendered":"<p>Soul ist ein klassisches Headset mit konischen Lautsprechern der neuesten Generation, das sich ideal f\u00fcr all diejenigen eignet, die ein qualitativ hochwertiges H\u00f6rerlebnis mit sauberem und knackigem Klang genie\u00dfen m\u00f6chten. Das flache verwickelfreie Kabel bietet maximale Bequemlichkeit und Komfort und macht den Soul zu einem eleganten und angenehm anzuf\u00fchlendem Accessoire. Die Streaming Top Sound Performance Technologie erm\u00f6glicht die Musikwiedergabe in optimaler Klangqualit\u00e4t auch beim Streaming. Perfekt f\u00fcr diejenigen, die ein optimales H\u00f6rerlebnis mit dem Smartphone erreichen m\u00f6chten. Des Weiteren kann man mit dem Mikrofon mit integrierter Rufannahmetaste leicht und schnell mit einem einfachen Klick die eingehenden Anrufe annehmen und das Lied wechseln.<\/p>\n","protected":false},"excerpt":{"rendered":"<p>Klassisches Headset mit sauberem und knackigem Klang<\/p>\n","protected":false},"featured_media":66738,"comment_status":"closed","ping_status":"closed","template":"","meta":{"_et_pb_use_builder":"","_et_pb_old_content":"","_et_gb_content_width":""},"pwb-brand":[],"product_cat":[472,489],"product_tag":[],"compatibilite":[],"compatibilite_smartphone":[4725],"brands":[],"_links":{"self":[{"href":"https:\/\/stage.shop-cellularswiss.ch\/de\/wp-json\/wp\/v2\/product\/65541"}],"collection":[{"href":"https:\/\/stage.shop-cellularswiss.ch\/de\/wp-json\/wp\/v2\/product"}],"about":[{"href":"https:\/\/stage.shop-cellularswiss.ch\/de\/wp-json\/wp\/v2\/types\/product"}],"replies":[{"embeddable":true,"href":"https:\/\/stage.shop-cellularswiss.ch\/de\/wp-json\/wp\/v2\/comments?post=65541"}],"wp:featuredmedia":[{"embeddable":true,"href":"https:\/\/stage.shop-cellularswiss.ch\/de\/wp-json\/wp\/v2\/media\/66738"}],"wp:attachment":[{"href":"https:\/\/stage.shop-cellularswiss.ch\/de\/wp-json\/wp\/v2\/media?parent=65541"}],"wp:term":[{"taxonomy":"pwb-brand","embeddable":true,"href":"https:\/\/stage.shop-cellularswiss.ch\/de\/wp-json\/wp\/v2\/pwb-brand?post=65541"},{"taxonomy":"product_cat","embeddable":true,"href":"https:\/\/stage.shop-cellularswiss.ch\/de\/wp-json\/wp\/v2\/product_cat?post=65541"},{"taxonomy":"product_tag","embeddable":true,"href":"https:\/\/stage.shop-cellularswiss.ch\/de\/wp-json\/wp\/v2\/product_tag?post=65541"},{"taxonomy":"compatibilite","embeddable":true,"href":"https:\/\/stage.shop-cellularswiss.ch\/de\/wp-json\/wp\/v2\/compatibilite?post=65541"},{"taxonomy":"compatibilite_smartphone","embeddable":true,"href":"https:\/\/stage.shop-cellularswiss.ch\/de\/wp-json\/wp\/v2\/compatibilite_smartphone?post=65541"}],"curies":[{"name":"wp","href":"https:\/\/api.w.org\/{rel}","templated":true}]}}