
{"id":65546,"date":"2021-09-23T14:06:42","date_gmt":"2021-09-23T12:23:24","guid":{"rendered":"https:\/\/stage.shop-cellularswiss.ch\/produit\/stand-up-iphone-xs-x\/"},"modified":"2021-09-23T14:23:26","modified_gmt":"2021-09-23T12:23:26","slug":"stand-up-iphone-xs-x","status":"publish","type":"product","link":"https:\/\/stage.shop-cellularswiss.ch\/de\/produit\/stand-up-iphone-xs-x\/","title":{"rendered":"Stand-up &#8211; iPhone Xs\/X"},"content":{"rendered":"<p>Stand-Up ist eine H\u00fclle mit St\u00e4nderfunktion f\u00fcr diejenigen, die Videos auf ihrem Smartphone ansehen m\u00f6chten. Die H\u00fclle ist mit einer innovativen Konstruktion ausgestattet, mit der Sie einen praktischen St\u00e4nder erhalten, indem Sie eine Ecke der H\u00fclle umklappen, um so Filme oder Videos ganz bequem anzusehen. Nach dem Schlie\u00dfen des St\u00e4nders wird die H\u00fclle wieder vollst\u00e4ndig flach \u2013 Sie k\u00f6nnen das Telefon fest und bequem greifen und das kabellose Laden wird nicht behindert. Stand Up passt sich perfekt an das Design des Smartphones an und sch\u00fctzt dessen empfindliche Teile vollst\u00e4ndig.<\/p>\n","protected":false},"excerpt":{"rendered":"<p>Schutzh\u00fclle mit St\u00e4nderfunktion<\/p>\n","protected":false},"featured_media":64921,"comment_status":"closed","ping_status":"closed","template":"","meta":{"_et_pb_use_builder":"","_et_pb_old_content":"","_et_gb_content_width":""},"pwb-brand":[],"product_cat":[542,559],"product_tag":[],"compatibilite":[],"compatibilite_smartphone":[4439],"brands":[],"_links":{"self":[{"href":"https:\/\/stage.shop-cellularswiss.ch\/de\/wp-json\/wp\/v2\/product\/65546"}],"collection":[{"href":"https:\/\/stage.shop-cellularswiss.ch\/de\/wp-json\/wp\/v2\/product"}],"about":[{"href":"https:\/\/stage.shop-cellularswiss.ch\/de\/wp-json\/wp\/v2\/types\/product"}],"replies":[{"embeddable":true,"href":"https:\/\/stage.shop-cellularswiss.ch\/de\/wp-json\/wp\/v2\/comments?post=65546"}],"wp:featuredmedia":[{"embeddable":true,"href":"https:\/\/stage.shop-cellularswiss.ch\/de\/wp-json\/wp\/v2\/media\/64921"}],"wp:attachment":[{"href":"https:\/\/stage.shop-cellularswiss.ch\/de\/wp-json\/wp\/v2\/media?parent=65546"}],"wp:term":[{"taxonomy":"pwb-brand","embeddable":true,"href":"https:\/\/stage.shop-cellularswiss.ch\/de\/wp-json\/wp\/v2\/pwb-brand?post=65546"},{"taxonomy":"product_cat","embeddable":true,"href":"https:\/\/stage.shop-cellularswiss.ch\/de\/wp-json\/wp\/v2\/product_cat?post=65546"},{"taxonomy":"product_tag","embeddable":true,"href":"https:\/\/stage.shop-cellularswiss.ch\/de\/wp-json\/wp\/v2\/product_tag?post=65546"},{"taxonomy":"compatibilite","embeddable":true,"href":"https:\/\/stage.shop-cellularswiss.ch\/de\/wp-json\/wp\/v2\/compatibilite?post=65546"},{"taxonomy":"compatibilite_smartphone","embeddable":true,"href":"https:\/\/stage.shop-cellularswiss.ch\/de\/wp-json\/wp\/v2\/compatibilite_smartphone?post=65546"}],"curies":[{"name":"wp","href":"https:\/\/api.w.org\/{rel}","templated":true}]}}