
{"id":65547,"date":"2021-09-23T14:06:44","date_gmt":"2021-09-23T12:23:24","guid":{"rendered":"https:\/\/stage.shop-cellularswiss.ch\/produit\/starter-kit-iphone-13\/"},"modified":"2021-09-23T14:23:30","modified_gmt":"2021-09-23T12:23:30","slug":"starter-kit-iphone-13","status":"publish","type":"product","link":"https:\/\/stage.shop-cellularswiss.ch\/de\/produit\/starter-kit-iphone-13\/","title":{"rendered":"STARTER KIT &#8211; iPhone 13"},"content":{"rendered":"<p>Das eigens f\u00fcr iPhone entwickelte STARTER KIT bietet dem Smartphone die Ladung und den Schutz, die es ben\u00f6tigt und die nicht im Lieferumfang inbegriffen sind: &#8211; Netzladeger\u00e4t 20 W mit USB-C-Anschluss zum schnellstm\u00f6glichen Aufladen des iPhone &#8211; Transparente und ultraschmale H\u00fclle aus weichem Gummi zum Schutz von Kanten, Tasten und Steckanschl\u00fcssen bei perfekter Anpassung an das Design des Smartphones<\/p>\n","protected":false},"excerpt":{"rendered":"<p>Zubeh\u00f6rset zum Laden und f\u00fcr den Schutz von iPhones<\/p>\n","protected":false},"featured_media":66269,"comment_status":"closed","ping_status":"closed","template":"","meta":{"_et_pb_use_builder":"","_et_pb_old_content":"","_et_gb_content_width":""},"pwb-brand":[],"product_cat":[1781,1784],"product_tag":[],"compatibilite":[],"compatibilite_smartphone":[4726,4733,4730,4729],"brands":[],"_links":{"self":[{"href":"https:\/\/stage.shop-cellularswiss.ch\/de\/wp-json\/wp\/v2\/product\/65547"}],"collection":[{"href":"https:\/\/stage.shop-cellularswiss.ch\/de\/wp-json\/wp\/v2\/product"}],"about":[{"href":"https:\/\/stage.shop-cellularswiss.ch\/de\/wp-json\/wp\/v2\/types\/product"}],"replies":[{"embeddable":true,"href":"https:\/\/stage.shop-cellularswiss.ch\/de\/wp-json\/wp\/v2\/comments?post=65547"}],"wp:featuredmedia":[{"embeddable":true,"href":"https:\/\/stage.shop-cellularswiss.ch\/de\/wp-json\/wp\/v2\/media\/66269"}],"wp:attachment":[{"href":"https:\/\/stage.shop-cellularswiss.ch\/de\/wp-json\/wp\/v2\/media?parent=65547"}],"wp:term":[{"taxonomy":"pwb-brand","embeddable":true,"href":"https:\/\/stage.shop-cellularswiss.ch\/de\/wp-json\/wp\/v2\/pwb-brand?post=65547"},{"taxonomy":"product_cat","embeddable":true,"href":"https:\/\/stage.shop-cellularswiss.ch\/de\/wp-json\/wp\/v2\/product_cat?post=65547"},{"taxonomy":"product_tag","embeddable":true,"href":"https:\/\/stage.shop-cellularswiss.ch\/de\/wp-json\/wp\/v2\/product_tag?post=65547"},{"taxonomy":"compatibilite","embeddable":true,"href":"https:\/\/stage.shop-cellularswiss.ch\/de\/wp-json\/wp\/v2\/compatibilite?post=65547"},{"taxonomy":"compatibilite_smartphone","embeddable":true,"href":"https:\/\/stage.shop-cellularswiss.ch\/de\/wp-json\/wp\/v2\/compatibilite_smartphone?post=65547"}],"curies":[{"name":"wp","href":"https:\/\/api.w.org\/{rel}","templated":true}]}}