
{"id":65573,"date":"2021-09-23T14:07:48","date_gmt":"2021-09-23T12:24:26","guid":{"rendered":"https:\/\/stage.shop-cellularswiss.ch\/produit\/tetra-force-shock-twist-iphone-13-mini\/"},"modified":"2022-04-07T09:07:28","modified_gmt":"2022-04-07T07:07:28","slug":"tetra-force-shock-twist-iphone-13-mini","status":"publish","type":"product","link":"https:\/\/stage.shop-cellularswiss.ch\/de\/produit\/tetra-force-shock-twist-iphone-13-mini\/","title":{"rendered":"Tetra Force Shock-Twist &#8211; iPhone 13 mini"},"content":{"rendered":"<p>TETRA FORCE STRONG GUARD ist die flexible, ultrasch\u00fctzende H\u00fclle mit erh\u00f6hten R\u00e4ndern und verst\u00e4rkten Ecken aus technologisch fortschrittlichen Materialien, welche die durch einen Aufprall erzeugten Ersch\u00fctterungen absorbieren und ableiten k\u00f6nnen. Die von Cellularline entwickelte IDS (Impact Dissipating System)\u2122-Technologie verwendet das innovative Versaflex\u2122-Material, das die durch den Aufprall erzeugte Energie verteilt und m\u00f6gliche Sch\u00e4den an den \u00e4u\u00dferen und inneren Bauteilen des Smartphones vermeidet. Es wird mit der antibakteriellen Microban\u00ae-Technologie kombiniert, die bis zu 99,9% des Bakterienwachstums auf der Oberfl\u00e4che der H\u00fclle verhindert, und fortlaufend aktiv bleibt, da sie in das Material der Tetra Force Strong Guard integriert ist.Die Tetra Force Strong Guard hat eine lebenslange Garantie: Weitere Informationen finden Sie im Bereich Guaranteed For Life von Cellularline<\/p>\n","protected":false},"excerpt":{"rendered":"<p>Ultraverst\u00e4rkte, sto\u00dfd\u00e4mpfende Schutzh\u00fclle mit integrierter antibakterieller Microban\u00ae-Technologie<\/p>\n","protected":false},"featured_media":65089,"comment_status":"closed","ping_status":"closed","template":"","meta":{"_et_pb_use_builder":"","_et_pb_old_content":"","_et_gb_content_width":""},"pwb-brand":[],"product_cat":[542,559],"product_tag":[],"compatibilite":[],"compatibilite_smartphone":[4733],"brands":[],"_links":{"self":[{"href":"https:\/\/stage.shop-cellularswiss.ch\/de\/wp-json\/wp\/v2\/product\/65573"}],"collection":[{"href":"https:\/\/stage.shop-cellularswiss.ch\/de\/wp-json\/wp\/v2\/product"}],"about":[{"href":"https:\/\/stage.shop-cellularswiss.ch\/de\/wp-json\/wp\/v2\/types\/product"}],"replies":[{"embeddable":true,"href":"https:\/\/stage.shop-cellularswiss.ch\/de\/wp-json\/wp\/v2\/comments?post=65573"}],"wp:featuredmedia":[{"embeddable":true,"href":"https:\/\/stage.shop-cellularswiss.ch\/de\/wp-json\/wp\/v2\/media\/65089"}],"wp:attachment":[{"href":"https:\/\/stage.shop-cellularswiss.ch\/de\/wp-json\/wp\/v2\/media?parent=65573"}],"wp:term":[{"taxonomy":"pwb-brand","embeddable":true,"href":"https:\/\/stage.shop-cellularswiss.ch\/de\/wp-json\/wp\/v2\/pwb-brand?post=65573"},{"taxonomy":"product_cat","embeddable":true,"href":"https:\/\/stage.shop-cellularswiss.ch\/de\/wp-json\/wp\/v2\/product_cat?post=65573"},{"taxonomy":"product_tag","embeddable":true,"href":"https:\/\/stage.shop-cellularswiss.ch\/de\/wp-json\/wp\/v2\/product_tag?post=65573"},{"taxonomy":"compatibilite","embeddable":true,"href":"https:\/\/stage.shop-cellularswiss.ch\/de\/wp-json\/wp\/v2\/compatibilite?post=65573"},{"taxonomy":"compatibilite_smartphone","embeddable":true,"href":"https:\/\/stage.shop-cellularswiss.ch\/de\/wp-json\/wp\/v2\/compatibilite_smartphone?post=65573"}],"curies":[{"name":"wp","href":"https:\/\/api.w.org\/{rel}","templated":true}]}}