
{"id":65583,"date":"2021-09-23T14:08:13","date_gmt":"2021-09-23T12:24:50","guid":{"rendered":"https:\/\/stage.shop-cellularswiss.ch\/produit\/strip-cable-120cm-lightning\/"},"modified":"2021-09-23T14:25:01","modified_gmt":"2021-09-23T12:25:01","slug":"strip-cable-120cm-lightning","status":"publish","type":"product","link":"https:\/\/stage.shop-cellularswiss.ch\/de\/produit\/strip-cable-120cm-lightning\/","title":{"rendered":"Strip Cable 120cm &#8211; Lightning"},"content":{"rendered":"<p>STRIP CABLE ist das Kabel mit Silikonlasche und Ummantelung aus rei\u00dffestem Gewebe. Funktionell und elegant, vereint St\u00e4rke und Stil. Das farbige Silikonband h\u00e4lt das Kabel aufger\u00e4umt und vermeidet ein Kabelgewirr. Strip Cable ist das perfekte Kabel f\u00fcr den t\u00e4glichen Gebrauch, zu Hause oder unterwegs.<\/p>\n","protected":false},"excerpt":{"rendered":"<p>USB-Kabel mit Silikonlasche<\/p>\n","protected":false},"featured_media":66926,"comment_status":"closed","ping_status":"closed","template":"","meta":{"_et_pb_use_builder":"","_et_pb_old_content":"","_et_gb_content_width":""},"pwb-brand":[],"product_cat":[3863,1781],"product_tag":[],"compatibilite":[],"compatibilite_smartphone":[4769],"brands":[],"_links":{"self":[{"href":"https:\/\/stage.shop-cellularswiss.ch\/de\/wp-json\/wp\/v2\/product\/65583"}],"collection":[{"href":"https:\/\/stage.shop-cellularswiss.ch\/de\/wp-json\/wp\/v2\/product"}],"about":[{"href":"https:\/\/stage.shop-cellularswiss.ch\/de\/wp-json\/wp\/v2\/types\/product"}],"replies":[{"embeddable":true,"href":"https:\/\/stage.shop-cellularswiss.ch\/de\/wp-json\/wp\/v2\/comments?post=65583"}],"wp:featuredmedia":[{"embeddable":true,"href":"https:\/\/stage.shop-cellularswiss.ch\/de\/wp-json\/wp\/v2\/media\/66926"}],"wp:attachment":[{"href":"https:\/\/stage.shop-cellularswiss.ch\/de\/wp-json\/wp\/v2\/media?parent=65583"}],"wp:term":[{"taxonomy":"pwb-brand","embeddable":true,"href":"https:\/\/stage.shop-cellularswiss.ch\/de\/wp-json\/wp\/v2\/pwb-brand?post=65583"},{"taxonomy":"product_cat","embeddable":true,"href":"https:\/\/stage.shop-cellularswiss.ch\/de\/wp-json\/wp\/v2\/product_cat?post=65583"},{"taxonomy":"product_tag","embeddable":true,"href":"https:\/\/stage.shop-cellularswiss.ch\/de\/wp-json\/wp\/v2\/product_tag?post=65583"},{"taxonomy":"compatibilite","embeddable":true,"href":"https:\/\/stage.shop-cellularswiss.ch\/de\/wp-json\/wp\/v2\/compatibilite?post=65583"},{"taxonomy":"compatibilite_smartphone","embeddable":true,"href":"https:\/\/stage.shop-cellularswiss.ch\/de\/wp-json\/wp\/v2\/compatibilite_smartphone?post=65583"}],"curies":[{"name":"wp","href":"https:\/\/api.w.org\/{rel}","templated":true}]}}