
{"id":65586,"date":"2021-09-23T14:25:01","date_gmt":"2021-09-23T12:25:01","guid":{"rendered":"https:\/\/stage.shop-cellularswiss.ch\/produit\/yo-yo-cable-100cm-lightning\/"},"modified":"2021-09-23T14:25:03","modified_gmt":"2021-09-23T12:25:03","slug":"yo-yo-cable-100cm-lightning","status":"publish","type":"product","link":"https:\/\/stage.shop-cellularswiss.ch\/de\/produit\/yo-yo-cable-100cm-lightning\/","title":{"rendered":"YO-YO Cable 100cm &#8211; Lightning"},"content":{"rendered":"<p>YO-YO Cable ist das Kabel mit automatischer Aufwickelung, das nach dem Gebrauch stets in seine urspr\u00fcngliche Form zur\u00fcckfindet. Yo-Yo Cable ist mit einem biegsamen und rei\u00dffesten Kabeldurchgang, Stecker aus Metall und Stoffbezug ausgestattet. F\u00fcr alle Ger\u00e4te mit Lightning-Anschluss.<\/p>\n","protected":false},"excerpt":{"rendered":"<p>USB-Kabel mit Selbstaufwickelung<\/p>\n","protected":false},"featured_media":65205,"comment_status":"closed","ping_status":"open","template":"","meta":{"_et_pb_use_builder":"","_et_pb_old_content":"","_et_gb_content_width":""},"pwb-brand":[],"product_cat":[3863,1781],"product_tag":[4567],"compatibilite":[],"compatibilite_smartphone":[4769],"brands":[],"_links":{"self":[{"href":"https:\/\/stage.shop-cellularswiss.ch\/de\/wp-json\/wp\/v2\/product\/65586"}],"collection":[{"href":"https:\/\/stage.shop-cellularswiss.ch\/de\/wp-json\/wp\/v2\/product"}],"about":[{"href":"https:\/\/stage.shop-cellularswiss.ch\/de\/wp-json\/wp\/v2\/types\/product"}],"replies":[{"embeddable":true,"href":"https:\/\/stage.shop-cellularswiss.ch\/de\/wp-json\/wp\/v2\/comments?post=65586"}],"wp:featuredmedia":[{"embeddable":true,"href":"https:\/\/stage.shop-cellularswiss.ch\/de\/wp-json\/wp\/v2\/media\/65205"}],"wp:attachment":[{"href":"https:\/\/stage.shop-cellularswiss.ch\/de\/wp-json\/wp\/v2\/media?parent=65586"}],"wp:term":[{"taxonomy":"pwb-brand","embeddable":true,"href":"https:\/\/stage.shop-cellularswiss.ch\/de\/wp-json\/wp\/v2\/pwb-brand?post=65586"},{"taxonomy":"product_cat","embeddable":true,"href":"https:\/\/stage.shop-cellularswiss.ch\/de\/wp-json\/wp\/v2\/product_cat?post=65586"},{"taxonomy":"product_tag","embeddable":true,"href":"https:\/\/stage.shop-cellularswiss.ch\/de\/wp-json\/wp\/v2\/product_tag?post=65586"},{"taxonomy":"compatibilite","embeddable":true,"href":"https:\/\/stage.shop-cellularswiss.ch\/de\/wp-json\/wp\/v2\/compatibilite?post=65586"},{"taxonomy":"compatibilite_smartphone","embeddable":true,"href":"https:\/\/stage.shop-cellularswiss.ch\/de\/wp-json\/wp\/v2\/compatibilite_smartphone?post=65586"}],"curies":[{"name":"wp","href":"https:\/\/api.w.org\/{rel}","templated":true}]}}