
{"id":65588,"date":"2021-09-23T14:08:26","date_gmt":"2021-09-23T12:25:05","guid":{"rendered":"https:\/\/stage.shop-cellularswiss.ch\/produit\/zero-iphone-13-pro-max\/"},"modified":"2021-09-23T14:25:08","modified_gmt":"2021-09-23T12:25:08","slug":"zero-iphone-13-pro-max","status":"publish","type":"product","link":"https:\/\/stage.shop-cellularswiss.ch\/de\/produit\/zero-iphone-13-pro-max\/","title":{"rendered":"Zero &#8211; iPhone 13 Pro Max"},"content":{"rendered":"<p>Die halbstarre und ultrad\u00fcnne Schutzh\u00fclle, die sich an das Design des Smartphones anpasst und Kanten, Steckanschl\u00fcsse und Tasten sch\u00fctzt. Perfekt kompatibel mit der Ladetechnologie Apple MagSafe, gew\u00e4hrleistet besten Halt und Haftung am Ladeger\u00e4t auch ohne Magnete.<\/p>\n","protected":false},"excerpt":{"rendered":"<p>Ultraschmale, transparente, halbstarre Schutzh\u00fclle<\/p>\n","protected":false},"featured_media":66111,"comment_status":"closed","ping_status":"closed","template":"","meta":{"_et_pb_use_builder":"","_et_pb_old_content":"","_et_gb_content_width":""},"pwb-brand":[],"product_cat":[542,559],"product_tag":[],"compatibilite":[],"compatibilite_smartphone":[4729],"brands":[],"_links":{"self":[{"href":"https:\/\/stage.shop-cellularswiss.ch\/de\/wp-json\/wp\/v2\/product\/65588"}],"collection":[{"href":"https:\/\/stage.shop-cellularswiss.ch\/de\/wp-json\/wp\/v2\/product"}],"about":[{"href":"https:\/\/stage.shop-cellularswiss.ch\/de\/wp-json\/wp\/v2\/types\/product"}],"replies":[{"embeddable":true,"href":"https:\/\/stage.shop-cellularswiss.ch\/de\/wp-json\/wp\/v2\/comments?post=65588"}],"wp:featuredmedia":[{"embeddable":true,"href":"https:\/\/stage.shop-cellularswiss.ch\/de\/wp-json\/wp\/v2\/media\/66111"}],"wp:attachment":[{"href":"https:\/\/stage.shop-cellularswiss.ch\/de\/wp-json\/wp\/v2\/media?parent=65588"}],"wp:term":[{"taxonomy":"pwb-brand","embeddable":true,"href":"https:\/\/stage.shop-cellularswiss.ch\/de\/wp-json\/wp\/v2\/pwb-brand?post=65588"},{"taxonomy":"product_cat","embeddable":true,"href":"https:\/\/stage.shop-cellularswiss.ch\/de\/wp-json\/wp\/v2\/product_cat?post=65588"},{"taxonomy":"product_tag","embeddable":true,"href":"https:\/\/stage.shop-cellularswiss.ch\/de\/wp-json\/wp\/v2\/product_tag?post=65588"},{"taxonomy":"compatibilite","embeddable":true,"href":"https:\/\/stage.shop-cellularswiss.ch\/de\/wp-json\/wp\/v2\/compatibilite?post=65588"},{"taxonomy":"compatibilite_smartphone","embeddable":true,"href":"https:\/\/stage.shop-cellularswiss.ch\/de\/wp-json\/wp\/v2\/compatibilite_smartphone?post=65588"}],"curies":[{"name":"wp","href":"https:\/\/api.w.org\/{rel}","templated":true}]}}