
{"id":69682,"date":"2021-10-26T16:42:30","date_gmt":"2021-10-26T14:42:30","guid":{"rendered":"https:\/\/stage.shop-cellularswiss.ch\/produit\/mini-usb-c-charger-20w-iphone-8-or-later\/"},"modified":"2021-10-26T16:42:32","modified_gmt":"2021-10-26T14:42:32","slug":"mini-usb-c-charger-20w-iphone-8-or-later","status":"publish","type":"product","link":"https:\/\/stage.shop-cellularswiss.ch\/de\/produit\/mini-usb-c-charger-20w-iphone-8-or-later\/","title":{"rendered":"mini USB-C CHARGER 20W &#8211; iPhone 8 or later"},"content":{"rendered":"<p>mini USB-C CHARGER 20W ist das Netzladeger\u00e4t. Es ist klein, aber leistungsstark und l\u00e4dt mit maximaler Geschwindigkeit und vollkommen sicher alle iPhones und iPads, die mit der USB-C 20W Ladetechnologie kompatibel sind. Es ist 20 % kleiner als normale Ladeger\u00e4te, damit Sie trotz maximaler Ladegeschwindigkeit nicht auf ein kompaktes Ger\u00e4t verzichten m\u00fcssen, das problemlos mitgef\u00fchrt werden kann.<\/p>\n","protected":false},"excerpt":{"rendered":"<p>Mini-Netzladeger\u00e4t mit 20 W und USB-C-Anschluss f\u00fcr das Aufladen des iPhone 8 und h\u00f6her bei voller Ladegeschwindigkeit<\/p>\n","protected":false},"featured_media":68066,"comment_status":"closed","ping_status":"open","template":"","meta":{"_et_pb_use_builder":"","_et_pb_old_content":"","_et_gb_content_width":""},"pwb-brand":[],"product_cat":[1781,1784],"product_tag":[],"compatibilite":[],"compatibilite_smartphone":[4838,4835,4834,4837,4844,4839,4843,4845,4836,4841,4468,4840,4842],"brands":[],"_links":{"self":[{"href":"https:\/\/stage.shop-cellularswiss.ch\/de\/wp-json\/wp\/v2\/product\/69682"}],"collection":[{"href":"https:\/\/stage.shop-cellularswiss.ch\/de\/wp-json\/wp\/v2\/product"}],"about":[{"href":"https:\/\/stage.shop-cellularswiss.ch\/de\/wp-json\/wp\/v2\/types\/product"}],"replies":[{"embeddable":true,"href":"https:\/\/stage.shop-cellularswiss.ch\/de\/wp-json\/wp\/v2\/comments?post=69682"}],"wp:featuredmedia":[{"embeddable":true,"href":"https:\/\/stage.shop-cellularswiss.ch\/de\/wp-json\/wp\/v2\/media\/68066"}],"wp:attachment":[{"href":"https:\/\/stage.shop-cellularswiss.ch\/de\/wp-json\/wp\/v2\/media?parent=69682"}],"wp:term":[{"taxonomy":"pwb-brand","embeddable":true,"href":"https:\/\/stage.shop-cellularswiss.ch\/de\/wp-json\/wp\/v2\/pwb-brand?post=69682"},{"taxonomy":"product_cat","embeddable":true,"href":"https:\/\/stage.shop-cellularswiss.ch\/de\/wp-json\/wp\/v2\/product_cat?post=69682"},{"taxonomy":"product_tag","embeddable":true,"href":"https:\/\/stage.shop-cellularswiss.ch\/de\/wp-json\/wp\/v2\/product_tag?post=69682"},{"taxonomy":"compatibilite","embeddable":true,"href":"https:\/\/stage.shop-cellularswiss.ch\/de\/wp-json\/wp\/v2\/compatibilite?post=69682"},{"taxonomy":"compatibilite_smartphone","embeddable":true,"href":"https:\/\/stage.shop-cellularswiss.ch\/de\/wp-json\/wp\/v2\/compatibilite_smartphone?post=69682"}],"curies":[{"name":"wp","href":"https:\/\/api.w.org\/{rel}","templated":true}]}}