
{"id":69685,"date":"2021-10-20T07:42:38","date_gmt":"2021-10-26T14:42:30","guid":{"rendered":"https:\/\/stage.shop-cellularswiss.ch\/produit\/dual-super-fast-charger-25w-samsung\/"},"modified":"2021-10-26T16:42:36","modified_gmt":"2021-10-26T14:42:36","slug":"dual-super-fast-charger-25w-samsung","status":"publish","type":"product","link":"https:\/\/stage.shop-cellularswiss.ch\/de\/produit\/dual-super-fast-charger-25w-samsung\/","title":{"rendered":"Dual Super Fast Charger 25W &#8211; Samsung"},"content":{"rendered":"<p>DUAL SUPER FAST CHARGER ist das Netzladeger\u00e4t mit der perfekten L\u00f6sung zum gleichzeitigen Aufladen von zwei Samsung-Ger\u00e4ten, wobei es m\u00f6glich ist, sowohl das USB-C auf USB-C-Kabel zu verwenden, das mit den neuen Samsung-Ger\u00e4ten der Modellreihe Galaxy S21 mitgeliefert wird, als auch ein USB-Kabel. Bei Einzelverwendung gibt der USB-C-Anschluss dank der Technologie Super Fast Charge 25 W die h\u00f6chste Ladegeschwindigkeit f\u00fcr Samsung-Ger\u00e4te aus. Bei gleichzeitiger Verwendung der beiden Anschl\u00fcsse senkt das Ladeger\u00e4t die ausgegebene H\u00f6chstleistung auf insgesamt 15 W f\u00fcr ein absolut sicheres Aufladen.<\/p>\n","protected":false},"excerpt":{"rendered":"<p>Netzladeger\u00e4t mit 2 USB- und USB-C-Anschl\u00fcssen und Technologie Super Fast Charging 25 W<\/p>\n","protected":false},"featured_media":68074,"comment_status":"closed","ping_status":"closed","template":"","meta":{"_et_pb_use_builder":"","_et_pb_old_content":"","_et_gb_content_width":""},"pwb-brand":[],"product_cat":[1781,1784],"product_tag":[],"compatibilite":[],"compatibilite_smartphone":[4577],"brands":[],"_links":{"self":[{"href":"https:\/\/stage.shop-cellularswiss.ch\/de\/wp-json\/wp\/v2\/product\/69685"}],"collection":[{"href":"https:\/\/stage.shop-cellularswiss.ch\/de\/wp-json\/wp\/v2\/product"}],"about":[{"href":"https:\/\/stage.shop-cellularswiss.ch\/de\/wp-json\/wp\/v2\/types\/product"}],"replies":[{"embeddable":true,"href":"https:\/\/stage.shop-cellularswiss.ch\/de\/wp-json\/wp\/v2\/comments?post=69685"}],"wp:featuredmedia":[{"embeddable":true,"href":"https:\/\/stage.shop-cellularswiss.ch\/de\/wp-json\/wp\/v2\/media\/68074"}],"wp:attachment":[{"href":"https:\/\/stage.shop-cellularswiss.ch\/de\/wp-json\/wp\/v2\/media?parent=69685"}],"wp:term":[{"taxonomy":"pwb-brand","embeddable":true,"href":"https:\/\/stage.shop-cellularswiss.ch\/de\/wp-json\/wp\/v2\/pwb-brand?post=69685"},{"taxonomy":"product_cat","embeddable":true,"href":"https:\/\/stage.shop-cellularswiss.ch\/de\/wp-json\/wp\/v2\/product_cat?post=69685"},{"taxonomy":"product_tag","embeddable":true,"href":"https:\/\/stage.shop-cellularswiss.ch\/de\/wp-json\/wp\/v2\/product_tag?post=69685"},{"taxonomy":"compatibilite","embeddable":true,"href":"https:\/\/stage.shop-cellularswiss.ch\/de\/wp-json\/wp\/v2\/compatibilite?post=69685"},{"taxonomy":"compatibilite_smartphone","embeddable":true,"href":"https:\/\/stage.shop-cellularswiss.ch\/de\/wp-json\/wp\/v2\/compatibilite_smartphone?post=69685"}],"curies":[{"name":"wp","href":"https:\/\/api.w.org\/{rel}","templated":true}]}}