
{"id":69689,"date":"2021-10-20T07:42:41","date_gmt":"2021-10-26T14:42:34","guid":{"rendered":"https:\/\/stage.shop-cellularswiss.ch\/produit\/duo-charger-ultra-usb-c-laptop-macbook-smartphones\/"},"modified":"2021-10-26T16:42:37","modified_gmt":"2021-10-26T14:42:37","slug":"duo-charger-ultra-usb-c-laptop-macbook-smartphones","status":"publish","type":"product","link":"https:\/\/stage.shop-cellularswiss.ch\/de\/produit\/duo-charger-ultra-usb-c-laptop-macbook-smartphones\/","title":{"rendered":"Duo Charger Ultra &#8211; USB-C Laptop, MacBook, Smartphones"},"content":{"rendered":"<p>DUO CHARGER ULTRA ist das Ladeger\u00e4t, mit dem Sie Ihren Laptop und Ihr Smartphone gleichzeitig aufladen k\u00f6nnen \u2013 eine L\u00f6sung f\u00fcr zwei Aufgaben, kompakt und leicht mitzunehmen. \u00dcber die USB-C-Buchse k\u00f6nnen Laptops mit USB-C-Buchsen bis 45W Leistung geladen werden. Ein 160cm langes Laptop-Kabel (USB-C auf USB-C) ist im Lieferumfang enthalten. \u00dcber die USB-Buchse werden auch Smartphones, die mit den modernsten Ladetechnologien wie 9V2A Quick Charge, Adaptive Fast Charge und Qualcomm\u00ae Quick Charge\u2122 Technology ausgestattet sind, in k\u00fcrzester Zeit geladen. Qualcomm is a trademark of Qualcomm Incorporated, registered in the United States and other countries. Quick Charge is a trademark of Qualcomm Incorporated. Qualcomm Quick Charge is a product of Qualcomm Technologies, Inc. and\/or its subsidiaries.<\/p>\n","protected":false},"excerpt":{"rendered":"<p>Akkuladeger\u00e4t f\u00fcr Laptops mit USB-C-Port und Smartphones, 48 W und USB-C- auf USB-C-Kabel<\/p>\n","protected":false},"featured_media":68102,"comment_status":"closed","ping_status":"closed","template":"","meta":{"_et_pb_use_builder":"","_et_pb_old_content":"","_et_gb_content_width":""},"pwb-brand":[],"product_cat":[1781,1784],"product_tag":[],"compatibilite":[],"compatibilite_smartphone":[4838,4845,4836,4881,4841,4840,4857,4872,4884,4895,4842,4889,4855,4877,4886,4851,4863,4875,4887,4879,4864,4866,4880,4849,4856,4865,4885,4891,4858,4868,4888,4859,4853,4861,4696,4862,4412,4860,4661,4867,4659,4847,4850,4870,4854,4693,4869,4883,4874,4878,4882,4848,4852,4890,4871,4876,4892,4873,4893,4894],"brands":[],"_links":{"self":[{"href":"https:\/\/stage.shop-cellularswiss.ch\/de\/wp-json\/wp\/v2\/product\/69689"}],"collection":[{"href":"https:\/\/stage.shop-cellularswiss.ch\/de\/wp-json\/wp\/v2\/product"}],"about":[{"href":"https:\/\/stage.shop-cellularswiss.ch\/de\/wp-json\/wp\/v2\/types\/product"}],"replies":[{"embeddable":true,"href":"https:\/\/stage.shop-cellularswiss.ch\/de\/wp-json\/wp\/v2\/comments?post=69689"}],"wp:featuredmedia":[{"embeddable":true,"href":"https:\/\/stage.shop-cellularswiss.ch\/de\/wp-json\/wp\/v2\/media\/68102"}],"wp:attachment":[{"href":"https:\/\/stage.shop-cellularswiss.ch\/de\/wp-json\/wp\/v2\/media?parent=69689"}],"wp:term":[{"taxonomy":"pwb-brand","embeddable":true,"href":"https:\/\/stage.shop-cellularswiss.ch\/de\/wp-json\/wp\/v2\/pwb-brand?post=69689"},{"taxonomy":"product_cat","embeddable":true,"href":"https:\/\/stage.shop-cellularswiss.ch\/de\/wp-json\/wp\/v2\/product_cat?post=69689"},{"taxonomy":"product_tag","embeddable":true,"href":"https:\/\/stage.shop-cellularswiss.ch\/de\/wp-json\/wp\/v2\/product_tag?post=69689"},{"taxonomy":"compatibilite","embeddable":true,"href":"https:\/\/stage.shop-cellularswiss.ch\/de\/wp-json\/wp\/v2\/compatibilite?post=69689"},{"taxonomy":"compatibilite_smartphone","embeddable":true,"href":"https:\/\/stage.shop-cellularswiss.ch\/de\/wp-json\/wp\/v2\/compatibilite_smartphone?post=69689"}],"curies":[{"name":"wp","href":"https:\/\/api.w.org\/{rel}","templated":true}]}}