
{"id":69692,"date":"2021-10-20T07:42:46","date_gmt":"2021-10-26T14:42:34","guid":{"rendered":"https:\/\/stage.shop-cellularswiss.ch\/produit\/desk-charger-usb-c-laptop-macbook-iphone-samsung-huawei-xiaomi-and-other-smartphones-and-tablets\/"},"modified":"2022-04-07T09:07:27","modified_gmt":"2022-04-07T07:07:27","slug":"desk-charger-usb-c-laptop-macbook-iphone-samsung-huawei-xiaomi-and-other-smartphones-and-tablets","status":"publish","type":"product","link":"https:\/\/stage.shop-cellularswiss.ch\/de\/produit\/desk-charger-usb-c-laptop-macbook-iphone-samsung-huawei-xiaomi-and-other-smartphones-and-tablets\/","title":{"rendered":"Desk Charger &#8211; USB-C Laptop, MacBook, iPhone, Samsung, Huawei, Xiaomi and other Smartphones and Tablets"},"content":{"rendered":"<p>DESK CHARGER ist die Ladestation mit 5 Buchsen (USB-C und USB), mit der Sie bis zu f\u00fcnf Ger\u00e4te gleichzeitig aufladen k\u00f6nnen, einschlie\u00dflich USB-C-Laptops und MacBooks. Dank der Device Detect-Technologie erkennt jede Buchse das angeschlossene Ger\u00e4t und aktiviert die richtige Ladung, damit jedes einzelne Mobilger\u00e4t sicher aufgeladen werden kann. Au\u00dferdem stellt sie die Schnellladung bei Ger\u00e4ten sicher, die mit 9V2A Fast Charging, Adaptive Fast Charge und Qualcomm\u00ae Quick Charge\u2122 Technology kompatibel sind. Die USB-C-Buchse mit 60W l\u00e4dt Laptops mit USB-C-Buchse, MacBooks 12\u2019\u2019, MacBooksAir 13\u2019\u2019 und MacBooksAir (M1,2020) und aktiviert die Schnellladung f\u00fcr iPhone8, iPad 8. Gen., iPad Air 4. Gen., iPad Pro 2. Gen. und sp\u00e4tere Modelle. Qualcomm is a trademark of Qualcomm Incorporated, registered in the United States and other countries. Quick Charge is a trademark of Qualcomm Incorporated. Qualcomm Quick Charge is a product of Qualcomm Technologies, Inc. and\/or its subsidiaries.<\/p>\n","protected":false},"excerpt":{"rendered":"<p>Schnelles Netzladeger\u00e4t mit 5 Ports, 60W<\/p>\n","protected":false},"featured_media":68118,"comment_status":"closed","ping_status":"closed","template":"","meta":{"_et_pb_use_builder":"","_et_pb_old_content":"","_et_gb_content_width":""},"pwb-brand":[],"product_cat":[1781,1784],"product_tag":[],"compatibilite":[],"compatibilite_smartphone":[4896,4838,4835,4834,4837,4844,4839,4843,4845,4836,4881,4841,4840,4842,4885,4891,4858,4868,4859,4661,4867,4659,4870,4869,4874,4878,4882],"brands":[],"_links":{"self":[{"href":"https:\/\/stage.shop-cellularswiss.ch\/de\/wp-json\/wp\/v2\/product\/69692"}],"collection":[{"href":"https:\/\/stage.shop-cellularswiss.ch\/de\/wp-json\/wp\/v2\/product"}],"about":[{"href":"https:\/\/stage.shop-cellularswiss.ch\/de\/wp-json\/wp\/v2\/types\/product"}],"replies":[{"embeddable":true,"href":"https:\/\/stage.shop-cellularswiss.ch\/de\/wp-json\/wp\/v2\/comments?post=69692"}],"wp:featuredmedia":[{"embeddable":true,"href":"https:\/\/stage.shop-cellularswiss.ch\/de\/wp-json\/wp\/v2\/media\/68118"}],"wp:attachment":[{"href":"https:\/\/stage.shop-cellularswiss.ch\/de\/wp-json\/wp\/v2\/media?parent=69692"}],"wp:term":[{"taxonomy":"pwb-brand","embeddable":true,"href":"https:\/\/stage.shop-cellularswiss.ch\/de\/wp-json\/wp\/v2\/pwb-brand?post=69692"},{"taxonomy":"product_cat","embeddable":true,"href":"https:\/\/stage.shop-cellularswiss.ch\/de\/wp-json\/wp\/v2\/product_cat?post=69692"},{"taxonomy":"product_tag","embeddable":true,"href":"https:\/\/stage.shop-cellularswiss.ch\/de\/wp-json\/wp\/v2\/product_tag?post=69692"},{"taxonomy":"compatibilite","embeddable":true,"href":"https:\/\/stage.shop-cellularswiss.ch\/de\/wp-json\/wp\/v2\/compatibilite?post=69692"},{"taxonomy":"compatibilite_smartphone","embeddable":true,"href":"https:\/\/stage.shop-cellularswiss.ch\/de\/wp-json\/wp\/v2\/compatibilite_smartphone?post=69692"}],"curies":[{"name":"wp","href":"https:\/\/api.w.org\/{rel}","templated":true}]}}