
{"id":69713,"date":"2021-10-26T16:42:53","date_gmt":"2021-10-26T14:42:53","guid":{"rendered":"https:\/\/stage.shop-cellularswiss.ch\/produit\/evade2\/"},"modified":"2021-10-26T16:43:00","modified_gmt":"2021-10-26T14:43:00","slug":"evade2","status":"publish","type":"product","link":"https:\/\/stage.shop-cellularswiss.ch\/de\/produit\/evade2\/","title":{"rendered":"EVADE2"},"content":{"rendered":"<p>EVADE 2 ist die Weiterentwicklung von Evade, dem In-Ear-Headset, das perfekt im Ohr sitzt und eine hervorragende passive D\u00e4mmung von Au\u00dfenger\u00e4uschen bietet. Das Geh\u00e4use hat eine Ladeanzeige auf der Vorderseite und LED-Leuchten im Inneren, die aufleuchten, wenn das Geh\u00e4use ge\u00f6ffnet wird. Mit dem Etui k\u00f6nnen Sie die Ohrh\u00f6rer bis zu 6 Mal aufladen, was insgesamt 30 Stunden Spielzeit bedeutet. Dank der Dual-Master-Funktion ist es m\u00f6glich, eingehende Anrufe sowohl mit der rechten als auch mit der linken H\u00f6rmuschel anzunehmen.<\/p>\n","protected":false},"excerpt":{"rendered":"<p>In-Ear-Stereo-Bluetooth-Kopfh\u00f6rer<\/p>\n","protected":false},"featured_media":68222,"comment_status":"closed","ping_status":"open","template":"","meta":{"_et_pb_use_builder":"","_et_pb_old_content":"","_et_gb_content_width":""},"pwb-brand":[],"product_cat":[472,474],"product_tag":[],"compatibilite":[],"compatibilite_smartphone":[4658],"brands":[],"_links":{"self":[{"href":"https:\/\/stage.shop-cellularswiss.ch\/de\/wp-json\/wp\/v2\/product\/69713"}],"collection":[{"href":"https:\/\/stage.shop-cellularswiss.ch\/de\/wp-json\/wp\/v2\/product"}],"about":[{"href":"https:\/\/stage.shop-cellularswiss.ch\/de\/wp-json\/wp\/v2\/types\/product"}],"replies":[{"embeddable":true,"href":"https:\/\/stage.shop-cellularswiss.ch\/de\/wp-json\/wp\/v2\/comments?post=69713"}],"wp:featuredmedia":[{"embeddable":true,"href":"https:\/\/stage.shop-cellularswiss.ch\/de\/wp-json\/wp\/v2\/media\/68222"}],"wp:attachment":[{"href":"https:\/\/stage.shop-cellularswiss.ch\/de\/wp-json\/wp\/v2\/media?parent=69713"}],"wp:term":[{"taxonomy":"pwb-brand","embeddable":true,"href":"https:\/\/stage.shop-cellularswiss.ch\/de\/wp-json\/wp\/v2\/pwb-brand?post=69713"},{"taxonomy":"product_cat","embeddable":true,"href":"https:\/\/stage.shop-cellularswiss.ch\/de\/wp-json\/wp\/v2\/product_cat?post=69713"},{"taxonomy":"product_tag","embeddable":true,"href":"https:\/\/stage.shop-cellularswiss.ch\/de\/wp-json\/wp\/v2\/product_tag?post=69713"},{"taxonomy":"compatibilite","embeddable":true,"href":"https:\/\/stage.shop-cellularswiss.ch\/de\/wp-json\/wp\/v2\/compatibilite?post=69713"},{"taxonomy":"compatibilite_smartphone","embeddable":true,"href":"https:\/\/stage.shop-cellularswiss.ch\/de\/wp-json\/wp\/v2\/compatibilite_smartphone?post=69713"}],"curies":[{"name":"wp","href":"https:\/\/api.w.org\/{rel}","templated":true}]}}