
{"id":69725,"date":"2021-10-20T07:43:23","date_gmt":"2021-10-26T14:43:03","guid":{"rendered":"https:\/\/stage.shop-cellularswiss.ch\/produit\/wireless-transmitter\/"},"modified":"2021-10-26T16:43:07","modified_gmt":"2021-10-26T14:43:07","slug":"wireless-transmitter","status":"publish","type":"product","link":"https:\/\/stage.shop-cellularswiss.ch\/de\/produit\/wireless-transmitter\/","title":{"rendered":"WIRELESS TRANSMITTER"},"content":{"rendered":"<p>WIRELESS TRANSMITTER ist ein Bluetooth-Sender, der Ihr Fernsehger\u00e4t mit Ihrem Bluetooth-Headset oder Kopfh\u00f6rer verbinden kann. Dieses Zubeh\u00f6r macht jeden Fernseher intelligent und erm\u00f6glicht es Ihnen, einen Film oder andere Fernsehinhalte zu sehen, ohne von anderen gest\u00f6rt zu werden oder zu st\u00f6ren. Das Verfahren ist sehr einfach: Aktivieren Sie den drahtlosen Sender und verbinden Sie ihn mit Ihrem Bluetooth-Headset oder Kopfh\u00f6rer. Schlie\u00dfen Sie dann den Wireless Transmitter an einen 3,5-poligen Anschluss des Fernsehers an. Das Fernsehger\u00e4t und das Audioger\u00e4t sind nun verbunden. Der kabellose Sender kann auch mit anderen Ger\u00e4ten und in anderen Situationen verwendet werden, z. B. im Flugzeug, wenn Sie mit Ihren Kopfh\u00f6rern einen Film ansehen m\u00f6chten, oder im Fitnessstudio bei einem Training mit Musik. Die gleiche Funktion kann im Auto genutzt werden, um Ihre Lieblingsmusik zu h\u00f6ren, indem Sie Ihr Autoradio mit Ihrem Smartphone verbinden.<\/p>\n","protected":false},"excerpt":{"rendered":"<p>Bluetooth-Sender und -Empf\u00e4nger f\u00fcr Aux-Anschluss<\/p>\n","protected":false},"featured_media":68334,"comment_status":"closed","ping_status":"closed","template":"","meta":{"_et_pb_use_builder":"","_et_pb_old_content":"","_et_gb_content_width":""},"pwb-brand":[],"product_cat":[493],"product_tag":[],"compatibilite":[],"compatibilite_smartphone":[4725],"brands":[],"_links":{"self":[{"href":"https:\/\/stage.shop-cellularswiss.ch\/de\/wp-json\/wp\/v2\/product\/69725"}],"collection":[{"href":"https:\/\/stage.shop-cellularswiss.ch\/de\/wp-json\/wp\/v2\/product"}],"about":[{"href":"https:\/\/stage.shop-cellularswiss.ch\/de\/wp-json\/wp\/v2\/types\/product"}],"replies":[{"embeddable":true,"href":"https:\/\/stage.shop-cellularswiss.ch\/de\/wp-json\/wp\/v2\/comments?post=69725"}],"wp:featuredmedia":[{"embeddable":true,"href":"https:\/\/stage.shop-cellularswiss.ch\/de\/wp-json\/wp\/v2\/media\/68334"}],"wp:attachment":[{"href":"https:\/\/stage.shop-cellularswiss.ch\/de\/wp-json\/wp\/v2\/media?parent=69725"}],"wp:term":[{"taxonomy":"pwb-brand","embeddable":true,"href":"https:\/\/stage.shop-cellularswiss.ch\/de\/wp-json\/wp\/v2\/pwb-brand?post=69725"},{"taxonomy":"product_cat","embeddable":true,"href":"https:\/\/stage.shop-cellularswiss.ch\/de\/wp-json\/wp\/v2\/product_cat?post=69725"},{"taxonomy":"product_tag","embeddable":true,"href":"https:\/\/stage.shop-cellularswiss.ch\/de\/wp-json\/wp\/v2\/product_tag?post=69725"},{"taxonomy":"compatibilite","embeddable":true,"href":"https:\/\/stage.shop-cellularswiss.ch\/de\/wp-json\/wp\/v2\/compatibilite?post=69725"},{"taxonomy":"compatibilite_smartphone","embeddable":true,"href":"https:\/\/stage.shop-cellularswiss.ch\/de\/wp-json\/wp\/v2\/compatibilite_smartphone?post=69725"}],"curies":[{"name":"wp","href":"https:\/\/api.w.org\/{rel}","templated":true}]}}