
{"id":69729,"date":"2021-10-20T07:43:28","date_gmt":"2021-10-26T14:43:03","guid":{"rendered":"https:\/\/stage.shop-cellularswiss.ch\/produit\/parade\/"},"modified":"2021-10-26T16:43:21","modified_gmt":"2021-10-26T14:43:21","slug":"parade","status":"publish","type":"product","link":"https:\/\/stage.shop-cellularswiss.ch\/de\/produit\/parade\/","title":{"rendered":"PARADE"},"content":{"rendered":"<p>Parade ist das ohrumschlie\u00dfende Headset f\u00fcr alle, die ein leistungsstarkes Produkt mit einem originellen Design suchen. Dank des Geh\u00e4uses k\u00f6nnen beide Headsets bis zu 5 Mal aufgeladen werden, was eine Spielzeit von insgesamt 30 Stunden erm\u00f6glicht. Im Inneren des Geh\u00e4uses befinden sich LED-Leuchten, die beim \u00d6ffnen des Geh\u00e4uses aktiviert werden, so dass die Ohrh\u00f6rer auch im Dunkeln gut sichtbar sind. Das Geh\u00e4use kann auch per kabelloser Aufladung aufgeladen werden. Die praktischen Touch-Bedienelemente an den H\u00f6rmuscheln erleichtern die Steuerung von Lautst\u00e4rke, Musik und Anrufen, und mit der Dual-Master-Funktion k\u00f6nnen Sie eingehende Anrufe sowohl \u00fcber die linke als auch \u00fcber die rechte H\u00f6rmuschel annehmen.<\/p>\n","protected":false},"excerpt":{"rendered":"<p>Bluetooth In-Ear-Kopfh\u00f6rer<\/p>\n","protected":false},"featured_media":68454,"comment_status":"closed","ping_status":"closed","template":"","meta":{"_et_pb_use_builder":"","_et_pb_old_content":"","_et_gb_content_width":""},"pwb-brand":[],"product_cat":[472],"product_tag":[],"compatibilite":[],"compatibilite_smartphone":[4725],"brands":[],"_links":{"self":[{"href":"https:\/\/stage.shop-cellularswiss.ch\/de\/wp-json\/wp\/v2\/product\/69729"}],"collection":[{"href":"https:\/\/stage.shop-cellularswiss.ch\/de\/wp-json\/wp\/v2\/product"}],"about":[{"href":"https:\/\/stage.shop-cellularswiss.ch\/de\/wp-json\/wp\/v2\/types\/product"}],"replies":[{"embeddable":true,"href":"https:\/\/stage.shop-cellularswiss.ch\/de\/wp-json\/wp\/v2\/comments?post=69729"}],"wp:featuredmedia":[{"embeddable":true,"href":"https:\/\/stage.shop-cellularswiss.ch\/de\/wp-json\/wp\/v2\/media\/68454"}],"wp:attachment":[{"href":"https:\/\/stage.shop-cellularswiss.ch\/de\/wp-json\/wp\/v2\/media?parent=69729"}],"wp:term":[{"taxonomy":"pwb-brand","embeddable":true,"href":"https:\/\/stage.shop-cellularswiss.ch\/de\/wp-json\/wp\/v2\/pwb-brand?post=69729"},{"taxonomy":"product_cat","embeddable":true,"href":"https:\/\/stage.shop-cellularswiss.ch\/de\/wp-json\/wp\/v2\/product_cat?post=69729"},{"taxonomy":"product_tag","embeddable":true,"href":"https:\/\/stage.shop-cellularswiss.ch\/de\/wp-json\/wp\/v2\/product_tag?post=69729"},{"taxonomy":"compatibilite","embeddable":true,"href":"https:\/\/stage.shop-cellularswiss.ch\/de\/wp-json\/wp\/v2\/compatibilite?post=69729"},{"taxonomy":"compatibilite_smartphone","embeddable":true,"href":"https:\/\/stage.shop-cellularswiss.ch\/de\/wp-json\/wp\/v2\/compatibilite_smartphone?post=69729"}],"curies":[{"name":"wp","href":"https:\/\/api.w.org\/{rel}","templated":true}]}}