
{"id":69742,"date":"2021-10-26T16:43:20","date_gmt":"2021-10-26T14:43:20","guid":{"rendered":"https:\/\/stage.shop-cellularswiss.ch\/produit\/road-2\/"},"modified":"2021-10-26T16:43:23","modified_gmt":"2021-10-26T14:43:23","slug":"road-2","status":"publish","type":"product","link":"https:\/\/stage.shop-cellularswiss.ch\/de\/produit\/road-2\/","title":{"rendered":"ROAD"},"content":{"rendered":"<p>ROAD ist das Headset in In-Ear-Form, das sich perfekt in das Ohr einpasst und eine optimale Isolierung von Au\u00dfenger\u00e4uschen gew\u00e4hrleistet. Die Lade-Schutzh\u00fclle erm\u00f6glicht es, beide Kopfh\u00f6rer bis zu 4 Mal f\u00fcr insgesamt 16 Stunden Musikwiedergabezeit aufzuladen. Road hat ein ultraleichtes Mini-Design und ein Finish aus einem weichen Material. Dank der Funktion Dual Master k\u00f6nnen der rechte oder der linke Kopfh\u00f6rer unabh\u00e4ngig voneinander verwendet und \u00fcber die Touch-Bedientasten Lautst\u00e4rke, Musik und Anrufe leicht verwaltet werden.<\/p>\n","protected":false},"excerpt":{"rendered":"<p>In-Ear-Stereo-Bluetooth-Kopfh\u00f6rer<\/p>\n","protected":false},"featured_media":68566,"comment_status":"closed","ping_status":"open","template":"","meta":{"_et_pb_use_builder":"","_et_pb_old_content":"","_et_gb_content_width":""},"pwb-brand":[],"product_cat":[472,474],"product_tag":[],"compatibilite":[],"compatibilite_smartphone":[4725],"brands":[],"_links":{"self":[{"href":"https:\/\/stage.shop-cellularswiss.ch\/de\/wp-json\/wp\/v2\/product\/69742"}],"collection":[{"href":"https:\/\/stage.shop-cellularswiss.ch\/de\/wp-json\/wp\/v2\/product"}],"about":[{"href":"https:\/\/stage.shop-cellularswiss.ch\/de\/wp-json\/wp\/v2\/types\/product"}],"replies":[{"embeddable":true,"href":"https:\/\/stage.shop-cellularswiss.ch\/de\/wp-json\/wp\/v2\/comments?post=69742"}],"wp:featuredmedia":[{"embeddable":true,"href":"https:\/\/stage.shop-cellularswiss.ch\/de\/wp-json\/wp\/v2\/media\/68566"}],"wp:attachment":[{"href":"https:\/\/stage.shop-cellularswiss.ch\/de\/wp-json\/wp\/v2\/media?parent=69742"}],"wp:term":[{"taxonomy":"pwb-brand","embeddable":true,"href":"https:\/\/stage.shop-cellularswiss.ch\/de\/wp-json\/wp\/v2\/pwb-brand?post=69742"},{"taxonomy":"product_cat","embeddable":true,"href":"https:\/\/stage.shop-cellularswiss.ch\/de\/wp-json\/wp\/v2\/product_cat?post=69742"},{"taxonomy":"product_tag","embeddable":true,"href":"https:\/\/stage.shop-cellularswiss.ch\/de\/wp-json\/wp\/v2\/product_tag?post=69742"},{"taxonomy":"compatibilite","embeddable":true,"href":"https:\/\/stage.shop-cellularswiss.ch\/de\/wp-json\/wp\/v2\/compatibilite?post=69742"},{"taxonomy":"compatibilite_smartphone","embeddable":true,"href":"https:\/\/stage.shop-cellularswiss.ch\/de\/wp-json\/wp\/v2\/compatibilite_smartphone?post=69742"}],"curies":[{"name":"wp","href":"https:\/\/api.w.org\/{rel}","templated":true}]}}