
{"id":69744,"date":"2021-10-26T16:43:20","date_gmt":"2021-10-26T14:43:20","guid":{"rendered":"https:\/\/stage.shop-cellularswiss.ch\/produit\/seek\/"},"modified":"2021-10-26T16:43:30","modified_gmt":"2021-10-26T14:43:30","slug":"seek","status":"publish","type":"product","link":"https:\/\/stage.shop-cellularswiss.ch\/de\/produit\/seek\/","title":{"rendered":"SEEK"},"content":{"rendered":"<p>SEEK ist ein Bluetooth-Kapsel-Headset mit kleinem, taschengerechtem Design. Mit dem Ladeetui k\u00f6nnen Sie das Headset bis zu 4 Mal aufladen, was eine Spielzeit von insgesamt 15 Stunden ergibt. Die LED-Anzeige am Geh\u00e4use zeigt den Prozentsatz der verbleibenden Ladung an, sodass Sie wissen, wann Sie das Geh\u00e4use aufladen m\u00fcssen (\u00fcber das mitgelieferte USB-C-Kabel). Anrufe, Musik und Lautst\u00e4rke werden direkt von den Ohrh\u00f6rern aus \u00fcber die Touch-Bedienelemente gesteuert.<\/p>\n","protected":false},"excerpt":{"rendered":"<p>Bluetooth-Headset mit Ladeetui<\/p>\n","protected":false},"featured_media":68590,"comment_status":"closed","ping_status":"open","template":"","meta":{"_et_pb_use_builder":"","_et_pb_old_content":"","_et_gb_content_width":""},"pwb-brand":[],"product_cat":[493,509],"product_tag":[],"compatibilite":[],"compatibilite_smartphone":[4725],"brands":[],"_links":{"self":[{"href":"https:\/\/stage.shop-cellularswiss.ch\/de\/wp-json\/wp\/v2\/product\/69744"}],"collection":[{"href":"https:\/\/stage.shop-cellularswiss.ch\/de\/wp-json\/wp\/v2\/product"}],"about":[{"href":"https:\/\/stage.shop-cellularswiss.ch\/de\/wp-json\/wp\/v2\/types\/product"}],"replies":[{"embeddable":true,"href":"https:\/\/stage.shop-cellularswiss.ch\/de\/wp-json\/wp\/v2\/comments?post=69744"}],"wp:featuredmedia":[{"embeddable":true,"href":"https:\/\/stage.shop-cellularswiss.ch\/de\/wp-json\/wp\/v2\/media\/68590"}],"wp:attachment":[{"href":"https:\/\/stage.shop-cellularswiss.ch\/de\/wp-json\/wp\/v2\/media?parent=69744"}],"wp:term":[{"taxonomy":"pwb-brand","embeddable":true,"href":"https:\/\/stage.shop-cellularswiss.ch\/de\/wp-json\/wp\/v2\/pwb-brand?post=69744"},{"taxonomy":"product_cat","embeddable":true,"href":"https:\/\/stage.shop-cellularswiss.ch\/de\/wp-json\/wp\/v2\/product_cat?post=69744"},{"taxonomy":"product_tag","embeddable":true,"href":"https:\/\/stage.shop-cellularswiss.ch\/de\/wp-json\/wp\/v2\/product_tag?post=69744"},{"taxonomy":"compatibilite","embeddable":true,"href":"https:\/\/stage.shop-cellularswiss.ch\/de\/wp-json\/wp\/v2\/compatibilite?post=69744"},{"taxonomy":"compatibilite_smartphone","embeddable":true,"href":"https:\/\/stage.shop-cellularswiss.ch\/de\/wp-json\/wp\/v2\/compatibilite_smartphone?post=69744"}],"curies":[{"name":"wp","href":"https:\/\/api.w.org\/{rel}","templated":true}]}}