
{"id":69751,"date":"2021-10-26T16:43:28","date_gmt":"2021-10-26T14:43:28","guid":{"rendered":"https:\/\/stage.shop-cellularswiss.ch\/produit\/hurricane\/"},"modified":"2021-10-26T16:43:32","modified_gmt":"2021-10-26T14:43:32","slug":"hurricane","status":"publish","type":"product","link":"https:\/\/stage.shop-cellularswiss.ch\/de\/produit\/hurricane\/","title":{"rendered":"Hurricane"},"content":{"rendered":"<p>Hurricane ist der Bluetooth-Lautsprecher mit einer Leistung von 20 Watt, ideal f\u00fcr Feste unter freiem Himmel, im Regen oder am Pool dank der Zertifizierung IPX7, womit er resistent gegen vor\u00fcbergehendes Eintauchen in Wasser ist. Der doppelte Treiber und die doppelte Passivmembran erm\u00f6glichen eine Wiedergabe mit klangvollen B\u00e4ssen und einem stets sauberen, gut ausbalancierten Klang ohne Verzerrungen auch bei maximaler Lautst\u00e4rke.<\/p>\n","protected":false},"excerpt":{"rendered":"<p>Tragbarer, wasserdichter 20-Watt-Bluetooth-Lautsprecher<\/p>\n","protected":false},"featured_media":68622,"comment_status":"closed","ping_status":"open","template":"","meta":{"_et_pb_use_builder":"","_et_pb_old_content":"","_et_gb_content_width":""},"pwb-brand":[],"product_cat":[472,484],"product_tag":[],"compatibilite":[],"compatibilite_smartphone":[4725],"brands":[],"_links":{"self":[{"href":"https:\/\/stage.shop-cellularswiss.ch\/de\/wp-json\/wp\/v2\/product\/69751"}],"collection":[{"href":"https:\/\/stage.shop-cellularswiss.ch\/de\/wp-json\/wp\/v2\/product"}],"about":[{"href":"https:\/\/stage.shop-cellularswiss.ch\/de\/wp-json\/wp\/v2\/types\/product"}],"replies":[{"embeddable":true,"href":"https:\/\/stage.shop-cellularswiss.ch\/de\/wp-json\/wp\/v2\/comments?post=69751"}],"wp:featuredmedia":[{"embeddable":true,"href":"https:\/\/stage.shop-cellularswiss.ch\/de\/wp-json\/wp\/v2\/media\/68622"}],"wp:attachment":[{"href":"https:\/\/stage.shop-cellularswiss.ch\/de\/wp-json\/wp\/v2\/media?parent=69751"}],"wp:term":[{"taxonomy":"pwb-brand","embeddable":true,"href":"https:\/\/stage.shop-cellularswiss.ch\/de\/wp-json\/wp\/v2\/pwb-brand?post=69751"},{"taxonomy":"product_cat","embeddable":true,"href":"https:\/\/stage.shop-cellularswiss.ch\/de\/wp-json\/wp\/v2\/product_cat?post=69751"},{"taxonomy":"product_tag","embeddable":true,"href":"https:\/\/stage.shop-cellularswiss.ch\/de\/wp-json\/wp\/v2\/product_tag?post=69751"},{"taxonomy":"compatibilite","embeddable":true,"href":"https:\/\/stage.shop-cellularswiss.ch\/de\/wp-json\/wp\/v2\/compatibilite?post=69751"},{"taxonomy":"compatibilite_smartphone","embeddable":true,"href":"https:\/\/stage.shop-cellularswiss.ch\/de\/wp-json\/wp\/v2\/compatibilite_smartphone?post=69751"}],"curies":[{"name":"wp","href":"https:\/\/api.w.org\/{rel}","templated":true}]}}