
{"id":69757,"date":"2021-10-26T16:43:34","date_gmt":"2021-10-26T14:43:34","guid":{"rendered":"https:\/\/stage.shop-cellularswiss.ch\/produit\/charge-stand-kit-iphone-8-or-later\/"},"modified":"2021-10-26T16:43:37","modified_gmt":"2021-10-26T14:43:37","slug":"charge-stand-kit-iphone-8-or-later","status":"publish","type":"product","link":"https:\/\/stage.shop-cellularswiss.ch\/de\/produit\/charge-stand-kit-iphone-8-or-later\/","title":{"rendered":"Charge &#038; Stand Kit &#8211; iPhone 8 or later"},"content":{"rendered":"<p>Das CHARGE &#038; STAND KIT wurde eigens f\u00fcr das iPhone entwickelt und beinhaltet sowohl Ladezubeh\u00f6r wie eine Halterung:- Netzladeger\u00e4t 20W mit USB-C-Anschluss zum Aufladen des iPhones in Rekordzeit.- Kompakte, zusammenklappbare Tischhalterung zur Verwendung im Hoch- oder Querformat.<\/p>\n","protected":false},"excerpt":{"rendered":"<p>Zubeh\u00f6r-Kit f\u00fcr iPhones, bestehend aus Ladezubeh\u00f6r und Halterung.<\/p>\n","protected":false},"featured_media":68766,"comment_status":"closed","ping_status":"open","template":"","meta":{"_et_pb_use_builder":"","_et_pb_old_content":"","_et_gb_content_width":""},"pwb-brand":[],"product_cat":[1781,1784],"product_tag":[],"compatibilite":[],"compatibilite_smartphone":[4844],"brands":[],"_links":{"self":[{"href":"https:\/\/stage.shop-cellularswiss.ch\/de\/wp-json\/wp\/v2\/product\/69757"}],"collection":[{"href":"https:\/\/stage.shop-cellularswiss.ch\/de\/wp-json\/wp\/v2\/product"}],"about":[{"href":"https:\/\/stage.shop-cellularswiss.ch\/de\/wp-json\/wp\/v2\/types\/product"}],"replies":[{"embeddable":true,"href":"https:\/\/stage.shop-cellularswiss.ch\/de\/wp-json\/wp\/v2\/comments?post=69757"}],"wp:featuredmedia":[{"embeddable":true,"href":"https:\/\/stage.shop-cellularswiss.ch\/de\/wp-json\/wp\/v2\/media\/68766"}],"wp:attachment":[{"href":"https:\/\/stage.shop-cellularswiss.ch\/de\/wp-json\/wp\/v2\/media?parent=69757"}],"wp:term":[{"taxonomy":"pwb-brand","embeddable":true,"href":"https:\/\/stage.shop-cellularswiss.ch\/de\/wp-json\/wp\/v2\/pwb-brand?post=69757"},{"taxonomy":"product_cat","embeddable":true,"href":"https:\/\/stage.shop-cellularswiss.ch\/de\/wp-json\/wp\/v2\/product_cat?post=69757"},{"taxonomy":"product_tag","embeddable":true,"href":"https:\/\/stage.shop-cellularswiss.ch\/de\/wp-json\/wp\/v2\/product_tag?post=69757"},{"taxonomy":"compatibilite","embeddable":true,"href":"https:\/\/stage.shop-cellularswiss.ch\/de\/wp-json\/wp\/v2\/compatibilite?post=69757"},{"taxonomy":"compatibilite_smartphone","embeddable":true,"href":"https:\/\/stage.shop-cellularswiss.ch\/de\/wp-json\/wp\/v2\/compatibilite_smartphone?post=69757"}],"curies":[{"name":"wp","href":"https:\/\/api.w.org\/{rel}","templated":true}]}}