
{"id":69765,"date":"2021-10-26T16:43:39","date_gmt":"2021-10-26T14:43:39","guid":{"rendered":"https:\/\/stage.shop-cellularswiss.ch\/produit\/fit-duo-galaxy-z-fold-3\/"},"modified":"2021-10-26T16:43:45","modified_gmt":"2021-10-26T14:43:45","slug":"fit-duo-galaxy-z-fold-3","status":"publish","type":"product","link":"https:\/\/stage.shop-cellularswiss.ch\/de\/produit\/fit-duo-galaxy-z-fold-3\/","title":{"rendered":"Fit Duo &#8211; Galaxy Z Fold 3"},"content":{"rendered":"<p>FIT DUO ist ein zweiteiliges Hartschalen-Case aus einem Material mit Lederoptik, das f\u00fcr das Samsung Galaxy Z entwickelt wurde.Es haftet perfekt am Smartphone und sch\u00fctzt die Kanten, ohne das Design zu ver\u00e4ndern. Es ist mit einem abnehmbaren Haftsystem ausgestattet und l\u00e4sst sich so perfekt am Smartphone befestigen.<\/p>\n","protected":false},"excerpt":{"rendered":"<p>Zweiteiliges festes Schutzcase mit Lederoptik<\/p>\n","protected":false},"featured_media":68810,"comment_status":"closed","ping_status":"open","template":"","meta":{"_et_pb_use_builder":"","_et_pb_old_content":"","_et_gb_content_width":""},"pwb-brand":[],"product_cat":[542,559],"product_tag":[],"compatibilite":[],"compatibilite_smartphone":[4894],"brands":[],"_links":{"self":[{"href":"https:\/\/stage.shop-cellularswiss.ch\/de\/wp-json\/wp\/v2\/product\/69765"}],"collection":[{"href":"https:\/\/stage.shop-cellularswiss.ch\/de\/wp-json\/wp\/v2\/product"}],"about":[{"href":"https:\/\/stage.shop-cellularswiss.ch\/de\/wp-json\/wp\/v2\/types\/product"}],"replies":[{"embeddable":true,"href":"https:\/\/stage.shop-cellularswiss.ch\/de\/wp-json\/wp\/v2\/comments?post=69765"}],"wp:featuredmedia":[{"embeddable":true,"href":"https:\/\/stage.shop-cellularswiss.ch\/de\/wp-json\/wp\/v2\/media\/68810"}],"wp:attachment":[{"href":"https:\/\/stage.shop-cellularswiss.ch\/de\/wp-json\/wp\/v2\/media?parent=69765"}],"wp:term":[{"taxonomy":"pwb-brand","embeddable":true,"href":"https:\/\/stage.shop-cellularswiss.ch\/de\/wp-json\/wp\/v2\/pwb-brand?post=69765"},{"taxonomy":"product_cat","embeddable":true,"href":"https:\/\/stage.shop-cellularswiss.ch\/de\/wp-json\/wp\/v2\/product_cat?post=69765"},{"taxonomy":"product_tag","embeddable":true,"href":"https:\/\/stage.shop-cellularswiss.ch\/de\/wp-json\/wp\/v2\/product_tag?post=69765"},{"taxonomy":"compatibilite","embeddable":true,"href":"https:\/\/stage.shop-cellularswiss.ch\/de\/wp-json\/wp\/v2\/compatibilite?post=69765"},{"taxonomy":"compatibilite_smartphone","embeddable":true,"href":"https:\/\/stage.shop-cellularswiss.ch\/de\/wp-json\/wp\/v2\/compatibilite_smartphone?post=69765"}],"curies":[{"name":"wp","href":"https:\/\/api.w.org\/{rel}","templated":true}]}}