
{"id":69776,"date":"2021-10-20T07:44:19","date_gmt":"2021-10-26T14:43:47","guid":{"rendered":"https:\/\/stage.shop-cellularswiss.ch\/produit\/ring-light-master-universale\/"},"modified":"2021-10-26T16:43:53","modified_gmt":"2021-10-26T14:43:53","slug":"ring-light-master-universale","status":"publish","type":"product","link":"https:\/\/stage.shop-cellularswiss.ch\/de\/produit\/ring-light-master-universale\/","title":{"rendered":"Ring Light Master &#8211; Universale"},"content":{"rendered":"<p>RING LIGHT MASTER ist ein LED-Ringlicht mit Stativ, das bis auf 1,40m H\u00f6he ausziehbar ist. Der LED-Ring hat einen Durchmesser von 13Zoll (33,02cm) und 3 verschiedene Beleuchtungsmodi, die \u00fcber eine Fernbedienung gesteuert werden k\u00f6nnen. Er ist au\u00dferdem mit einer drehbaren Universalhalterung f\u00fcr Smartphones und einem Haken f\u00fcr Kameras ausgestattet. Dank der mitgelieferten Fernbedienung \u00fcber Bluetooth\u00ae k\u00f6nnen Sie auch aus der Ferne Videoaufnahmen starten oder Selfies schie\u00dfen.<\/p>\n","protected":false},"excerpt":{"rendered":"<p>LED-Ringlicht mit Stativ 1,40m f\u00fcr Videoaufnahmen und Selfies<\/p>\n","protected":false},"featured_media":68850,"comment_status":"closed","ping_status":"closed","template":"","meta":{"_et_pb_use_builder":"","_et_pb_old_content":"","_et_gb_content_width":""},"pwb-brand":[],"product_cat":[544,542],"product_tag":[],"compatibilite":[],"compatibilite_smartphone":[4658],"brands":[],"_links":{"self":[{"href":"https:\/\/stage.shop-cellularswiss.ch\/de\/wp-json\/wp\/v2\/product\/69776"}],"collection":[{"href":"https:\/\/stage.shop-cellularswiss.ch\/de\/wp-json\/wp\/v2\/product"}],"about":[{"href":"https:\/\/stage.shop-cellularswiss.ch\/de\/wp-json\/wp\/v2\/types\/product"}],"replies":[{"embeddable":true,"href":"https:\/\/stage.shop-cellularswiss.ch\/de\/wp-json\/wp\/v2\/comments?post=69776"}],"wp:featuredmedia":[{"embeddable":true,"href":"https:\/\/stage.shop-cellularswiss.ch\/de\/wp-json\/wp\/v2\/media\/68850"}],"wp:attachment":[{"href":"https:\/\/stage.shop-cellularswiss.ch\/de\/wp-json\/wp\/v2\/media?parent=69776"}],"wp:term":[{"taxonomy":"pwb-brand","embeddable":true,"href":"https:\/\/stage.shop-cellularswiss.ch\/de\/wp-json\/wp\/v2\/pwb-brand?post=69776"},{"taxonomy":"product_cat","embeddable":true,"href":"https:\/\/stage.shop-cellularswiss.ch\/de\/wp-json\/wp\/v2\/product_cat?post=69776"},{"taxonomy":"product_tag","embeddable":true,"href":"https:\/\/stage.shop-cellularswiss.ch\/de\/wp-json\/wp\/v2\/product_tag?post=69776"},{"taxonomy":"compatibilite","embeddable":true,"href":"https:\/\/stage.shop-cellularswiss.ch\/de\/wp-json\/wp\/v2\/compatibilite?post=69776"},{"taxonomy":"compatibilite_smartphone","embeddable":true,"href":"https:\/\/stage.shop-cellularswiss.ch\/de\/wp-json\/wp\/v2\/compatibilite_smartphone?post=69776"}],"curies":[{"name":"wp","href":"https:\/\/api.w.org\/{rel}","templated":true}]}}