
{"id":69779,"date":"2021-10-20T07:44:22","date_gmt":"2021-10-26T14:43:52","guid":{"rendered":"https:\/\/stage.shop-cellularswiss.ch\/produit\/usb-c-to-hdmi-adapter\/"},"modified":"2021-10-26T16:43:55","modified_gmt":"2021-10-26T14:43:55","slug":"usb-c-to-hdmi-adapter","status":"publish","type":"product","link":"https:\/\/stage.shop-cellularswiss.ch\/de\/produit\/usb-c-to-hdmi-adapter\/","title":{"rendered":"USB-C to HDMI Adapter"},"content":{"rendered":"<p>Mit dem Adapter von USB-C auf HDMI k\u00f6nnen Sie Ihren Mac, Ihr iPad Pro 11Zoll oder 12,9Zoll (3.Generation), Ihr iPad Air (4.Generation) oder ein anderes USB-C-Ger\u00e4t einfach und unkompliziert an einen Fernseher oder einen Bildschirm mit HDMI-Technologie anschlie\u00dfen. Dieser Adapter unterst\u00fctzt den 4K-Standard bei 60 Hz und sorgt so f\u00fcr scharfe Bilder und ein optimales visuelles Erleben.<\/p>\n","protected":false},"excerpt":{"rendered":"<p>Adapter von USB-C auf HDMI<\/p>\n","protected":false},"featured_media":68962,"comment_status":"closed","ping_status":"closed","template":"","meta":{"_et_pb_use_builder":"","_et_pb_old_content":"","_et_gb_content_width":""},"pwb-brand":[],"product_cat":[3845,1781],"product_tag":[],"compatibilite":[],"compatibilite_smartphone":[4468],"brands":[],"_links":{"self":[{"href":"https:\/\/stage.shop-cellularswiss.ch\/de\/wp-json\/wp\/v2\/product\/69779"}],"collection":[{"href":"https:\/\/stage.shop-cellularswiss.ch\/de\/wp-json\/wp\/v2\/product"}],"about":[{"href":"https:\/\/stage.shop-cellularswiss.ch\/de\/wp-json\/wp\/v2\/types\/product"}],"replies":[{"embeddable":true,"href":"https:\/\/stage.shop-cellularswiss.ch\/de\/wp-json\/wp\/v2\/comments?post=69779"}],"wp:featuredmedia":[{"embeddable":true,"href":"https:\/\/stage.shop-cellularswiss.ch\/de\/wp-json\/wp\/v2\/media\/68962"}],"wp:attachment":[{"href":"https:\/\/stage.shop-cellularswiss.ch\/de\/wp-json\/wp\/v2\/media?parent=69779"}],"wp:term":[{"taxonomy":"pwb-brand","embeddable":true,"href":"https:\/\/stage.shop-cellularswiss.ch\/de\/wp-json\/wp\/v2\/pwb-brand?post=69779"},{"taxonomy":"product_cat","embeddable":true,"href":"https:\/\/stage.shop-cellularswiss.ch\/de\/wp-json\/wp\/v2\/product_cat?post=69779"},{"taxonomy":"product_tag","embeddable":true,"href":"https:\/\/stage.shop-cellularswiss.ch\/de\/wp-json\/wp\/v2\/product_tag?post=69779"},{"taxonomy":"compatibilite","embeddable":true,"href":"https:\/\/stage.shop-cellularswiss.ch\/de\/wp-json\/wp\/v2\/compatibilite?post=69779"},{"taxonomy":"compatibilite_smartphone","embeddable":true,"href":"https:\/\/stage.shop-cellularswiss.ch\/de\/wp-json\/wp\/v2\/compatibilite_smartphone?post=69779"}],"curies":[{"name":"wp","href":"https:\/\/api.w.org\/{rel}","templated":true}]}}