
{"id":69782,"date":"2021-10-26T16:43:52","date_gmt":"2021-10-26T14:43:52","guid":{"rendered":"https:\/\/stage.shop-cellularswiss.ch\/produit\/home-office-join\/"},"modified":"2021-10-26T16:43:58","modified_gmt":"2021-10-26T14:43:58","slug":"home-office-join","status":"publish","type":"product","link":"https:\/\/stage.shop-cellularswiss.ch\/de\/produit\/home-office-join\/","title":{"rendered":"HOME &#038; OFFICE &#8211; JOIN"},"content":{"rendered":"<p>JOIN ist ein kabelgebundenes Headset mit einstellbarem Mikrofon, das sich perfekt f\u00fcr Videogespr\u00e4che mit Ihrem Smartphone, Tablet oder Computer eignet. Das mitgelieferte 180 cm lange Kabel sorgt f\u00fcr Flexibilit\u00e4t und Komfort bei der Nutzung. Durch die Polsterung des Kopfb\u00fcgels und der Over-Ear-H\u00f6rmuscheln ist das Headset auch bei l\u00e4ngerem Gebrauch geeignet und bequem. Ideal auch f\u00fcr den Fernunterricht.<\/p>\n","protected":false},"excerpt":{"rendered":"<p>Kopfh\u00f6rer mit Kabel und Mikrofon<\/p>\n","protected":false},"featured_media":68978,"comment_status":"closed","ping_status":"open","template":"","meta":{"_et_pb_use_builder":"","_et_pb_old_content":"","_et_gb_content_width":""},"pwb-brand":[],"product_cat":[493,5057],"product_tag":[],"compatibilite":[],"compatibilite_smartphone":[4366,4926,4896,4995,5020,4979,4976,4971,4915,4913,5017,4897,4977,4912,4922,5022,4966,4957,4952,4954,4924,4929,4386,4737,4970,4951,4925,4389,4387,4962,4956,5024,4964,5004,4980,5016,4974,4989,4939,4968,4908,4904,4960,4699,4695,4948,5019,4975,4996,5007,5003,4978,4949,4965,4991,4923,4930,5028,4933,5014,4936,4694,4905,4889,5008,4855,4877,5000,4886,4863,4875,4887,4879,4864,4866,4880,4856,4865,4885,4891,4938,4986,4858,4868,4888,4853,4862,4914,4940,4932,4931,4942,4941,4860,4867,4850,4854,4693,4848,4852,5010,4890,4985,4871,4944,5027,4658,4973,4988,4921,4950,4918,4981,4953,4955,5002,4920,4945,5012,4967,5025,5011,4969,4943,4927,4972,4992,4990,4906,4963,4983,4907,5013,4935,5006,5023,4987,4997,4999,4934],"brands":[],"_links":{"self":[{"href":"https:\/\/stage.shop-cellularswiss.ch\/de\/wp-json\/wp\/v2\/product\/69782"}],"collection":[{"href":"https:\/\/stage.shop-cellularswiss.ch\/de\/wp-json\/wp\/v2\/product"}],"about":[{"href":"https:\/\/stage.shop-cellularswiss.ch\/de\/wp-json\/wp\/v2\/types\/product"}],"replies":[{"embeddable":true,"href":"https:\/\/stage.shop-cellularswiss.ch\/de\/wp-json\/wp\/v2\/comments?post=69782"}],"wp:featuredmedia":[{"embeddable":true,"href":"https:\/\/stage.shop-cellularswiss.ch\/de\/wp-json\/wp\/v2\/media\/68978"}],"wp:attachment":[{"href":"https:\/\/stage.shop-cellularswiss.ch\/de\/wp-json\/wp\/v2\/media?parent=69782"}],"wp:term":[{"taxonomy":"pwb-brand","embeddable":true,"href":"https:\/\/stage.shop-cellularswiss.ch\/de\/wp-json\/wp\/v2\/pwb-brand?post=69782"},{"taxonomy":"product_cat","embeddable":true,"href":"https:\/\/stage.shop-cellularswiss.ch\/de\/wp-json\/wp\/v2\/product_cat?post=69782"},{"taxonomy":"product_tag","embeddable":true,"href":"https:\/\/stage.shop-cellularswiss.ch\/de\/wp-json\/wp\/v2\/product_tag?post=69782"},{"taxonomy":"compatibilite","embeddable":true,"href":"https:\/\/stage.shop-cellularswiss.ch\/de\/wp-json\/wp\/v2\/compatibilite?post=69782"},{"taxonomy":"compatibilite_smartphone","embeddable":true,"href":"https:\/\/stage.shop-cellularswiss.ch\/de\/wp-json\/wp\/v2\/compatibilite_smartphone?post=69782"}],"curies":[{"name":"wp","href":"https:\/\/api.w.org\/{rel}","templated":true}]}}