
{"id":69801,"date":"2021-10-26T16:44:10","date_gmt":"2021-10-26T14:44:10","guid":{"rendered":"https:\/\/stage.shop-cellularswiss.ch\/produit\/pop\/"},"modified":"2021-10-26T16:44:15","modified_gmt":"2021-10-26T14:44:15","slug":"pop-2","status":"publish","type":"product","link":"https:\/\/stage.shop-cellularswiss.ch\/de\/produit\/pop-2\/","title":{"rendered":"Pop"},"content":{"rendered":"<p>Pop ist ein In-Ear-Headset der neuesten Generation, das sich ideal f\u00fcr all diejenigen eignet, die ein qualitativ hochwertiges H\u00f6rerlebnis mit einem direkten und spektakul\u00e4ren Klang genie\u00dfen m\u00f6chten. Die innovative In-Ear-Kapsel bietet neben einem maximalen Tragekomfort auch eine passive Isolierung vor externen Ger\u00e4uschen, w\u00e4hrend das flache verwickelfreie Kabel ideal ist, um beste Bequemlichkeit und Komfort zu bieten und aus dem Pop Headset ein elegantes und angenehm anzufassendes Accessoire zu machen. Die Streaming Top Sound Performance Technologie erm\u00f6glicht die Musikwiedergabe in optimaler Klangqualit\u00e4t auch beim Streaming. Perfekt f\u00fcr diejenigen, die ein optimales H\u00f6rerlebnis mit dem Smartphone erreichen m\u00f6chten. Des Weiteren kann man mit dem Mikrofon mit integrierter Rufannahmetaste leicht und schnell mit einem einfachen Klick die eingehenden Anrufe annehmen und das Lied wechseln.<\/p>\n","protected":false},"excerpt":{"rendered":"<p>In-Ear-Headset f\u00fcr einen direkten und spektakul\u00e4ren Klang<\/p>\n","protected":false},"featured_media":0,"comment_status":"closed","ping_status":"closed","template":"","meta":{"_et_pb_use_builder":"","_et_pb_old_content":"","_et_gb_content_width":""},"pwb-brand":[],"product_cat":[472,489],"product_tag":[],"compatibilite":[],"compatibilite_smartphone":[4725],"brands":[],"_links":{"self":[{"href":"https:\/\/stage.shop-cellularswiss.ch\/de\/wp-json\/wp\/v2\/product\/69801"}],"collection":[{"href":"https:\/\/stage.shop-cellularswiss.ch\/de\/wp-json\/wp\/v2\/product"}],"about":[{"href":"https:\/\/stage.shop-cellularswiss.ch\/de\/wp-json\/wp\/v2\/types\/product"}],"replies":[{"embeddable":true,"href":"https:\/\/stage.shop-cellularswiss.ch\/de\/wp-json\/wp\/v2\/comments?post=69801"}],"wp:attachment":[{"href":"https:\/\/stage.shop-cellularswiss.ch\/de\/wp-json\/wp\/v2\/media?parent=69801"}],"wp:term":[{"taxonomy":"pwb-brand","embeddable":true,"href":"https:\/\/stage.shop-cellularswiss.ch\/de\/wp-json\/wp\/v2\/pwb-brand?post=69801"},{"taxonomy":"product_cat","embeddable":true,"href":"https:\/\/stage.shop-cellularswiss.ch\/de\/wp-json\/wp\/v2\/product_cat?post=69801"},{"taxonomy":"product_tag","embeddable":true,"href":"https:\/\/stage.shop-cellularswiss.ch\/de\/wp-json\/wp\/v2\/product_tag?post=69801"},{"taxonomy":"compatibilite","embeddable":true,"href":"https:\/\/stage.shop-cellularswiss.ch\/de\/wp-json\/wp\/v2\/compatibilite?post=69801"},{"taxonomy":"compatibilite_smartphone","embeddable":true,"href":"https:\/\/stage.shop-cellularswiss.ch\/de\/wp-json\/wp\/v2\/compatibilite_smartphone?post=69801"}],"curies":[{"name":"wp","href":"https:\/\/api.w.org\/{rel}","templated":true}]}}