
{"id":69814,"date":"2021-10-20T07:44:57","date_gmt":"2021-10-26T14:44:23","guid":{"rendered":"https:\/\/stage.shop-cellularswiss.ch\/produit\/selfie-ring-multicolor-universale\/"},"modified":"2021-10-26T16:44:26","modified_gmt":"2021-10-26T14:44:26","slug":"selfie-ring-multicolor-universale","status":"publish","type":"product","link":"https:\/\/stage.shop-cellularswiss.ch\/de\/produit\/selfie-ring-multicolor-universale\/","title":{"rendered":"Selfie Ring Multicolor &#8211; Universale"},"content":{"rendered":"<p>Der SELFIE RING MULTICOLOR ist ein RGB-LED-Ringlicht mit Stativ und eignet sich ideal f\u00fcr Videoaufnahmen und Selfies. Das LED-Ringlicht hat einen Durchmesser von 10Zoll (25,4cm) und 18 Beleuchtungsmodi, die \u00fcber eine Fernbedienung gesteuert werden k\u00f6nnen. Die drehbare und leicht bewegliche Universalhalterung f\u00fcr Smartphones erm\u00f6glicht Ihnen die perfekte Regie f\u00fcr Ihren Aufnahmen!<\/p>\n","protected":false},"excerpt":{"rendered":"<p>LED-Ringlicht mit RGB-Modus, einstellbarer Helligkeit und einem Stativ f\u00fcr Videoaufnahmen und Selfies<\/p>\n","protected":false},"featured_media":69122,"comment_status":"closed","ping_status":"closed","template":"","meta":{"_et_pb_use_builder":"","_et_pb_old_content":"","_et_gb_content_width":""},"pwb-brand":[],"product_cat":[544,542],"product_tag":[],"compatibilite":[],"compatibilite_smartphone":[4658],"brands":[],"_links":{"self":[{"href":"https:\/\/stage.shop-cellularswiss.ch\/de\/wp-json\/wp\/v2\/product\/69814"}],"collection":[{"href":"https:\/\/stage.shop-cellularswiss.ch\/de\/wp-json\/wp\/v2\/product"}],"about":[{"href":"https:\/\/stage.shop-cellularswiss.ch\/de\/wp-json\/wp\/v2\/types\/product"}],"replies":[{"embeddable":true,"href":"https:\/\/stage.shop-cellularswiss.ch\/de\/wp-json\/wp\/v2\/comments?post=69814"}],"wp:featuredmedia":[{"embeddable":true,"href":"https:\/\/stage.shop-cellularswiss.ch\/de\/wp-json\/wp\/v2\/media\/69122"}],"wp:attachment":[{"href":"https:\/\/stage.shop-cellularswiss.ch\/de\/wp-json\/wp\/v2\/media?parent=69814"}],"wp:term":[{"taxonomy":"pwb-brand","embeddable":true,"href":"https:\/\/stage.shop-cellularswiss.ch\/de\/wp-json\/wp\/v2\/pwb-brand?post=69814"},{"taxonomy":"product_cat","embeddable":true,"href":"https:\/\/stage.shop-cellularswiss.ch\/de\/wp-json\/wp\/v2\/product_cat?post=69814"},{"taxonomy":"product_tag","embeddable":true,"href":"https:\/\/stage.shop-cellularswiss.ch\/de\/wp-json\/wp\/v2\/product_tag?post=69814"},{"taxonomy":"compatibilite","embeddable":true,"href":"https:\/\/stage.shop-cellularswiss.ch\/de\/wp-json\/wp\/v2\/compatibilite?post=69814"},{"taxonomy":"compatibilite_smartphone","embeddable":true,"href":"https:\/\/stage.shop-cellularswiss.ch\/de\/wp-json\/wp\/v2\/compatibilite_smartphone?post=69814"}],"curies":[{"name":"wp","href":"https:\/\/api.w.org\/{rel}","templated":true}]}}