
{"id":69817,"date":"2021-10-20T07:45:00","date_gmt":"2021-10-26T14:44:23","guid":{"rendered":"https:\/\/stage.shop-cellularswiss.ch\/produit\/selfie-ring-mirror-universale\/"},"modified":"2021-10-26T16:44:30","modified_gmt":"2021-10-26T14:44:30","slug":"selfie-ring-mirror-universale","status":"publish","type":"product","link":"https:\/\/stage.shop-cellularswiss.ch\/de\/produit\/selfie-ring-mirror-universale\/","title":{"rendered":"Selfie Ring Mirror &#8211; Universale"},"content":{"rendered":"<p>SELFIE RING MIRROR ist ein LED-Ring mit integriertem Spiegel und einem St\u00e4nder. Der LED Ring ist 6 Zoll gro\u00df und enth\u00e4lt drei Beleuchtungsmodi, die \u00fcber eine Fernbedienung gesteuert werden k\u00f6nnen; au\u00dferdem vorhanden ein universeller, drehbarer Halter f\u00fcr Smartphones. Er ist klappbar und kompakt und l\u00e4sst sich bequem mitnehmen, so dass jeder Ort zum Set wird!<\/p>\n","protected":false},"excerpt":{"rendered":"<p>LED-Ring mit integriertem Spiegel und St\u00e4nder<\/p>\n","protected":false},"featured_media":69146,"comment_status":"closed","ping_status":"closed","template":"","meta":{"_et_pb_use_builder":"","_et_pb_old_content":"","_et_gb_content_width":""},"pwb-brand":[],"product_cat":[544,542],"product_tag":[],"compatibilite":[],"compatibilite_smartphone":[4725],"brands":[],"_links":{"self":[{"href":"https:\/\/stage.shop-cellularswiss.ch\/de\/wp-json\/wp\/v2\/product\/69817"}],"collection":[{"href":"https:\/\/stage.shop-cellularswiss.ch\/de\/wp-json\/wp\/v2\/product"}],"about":[{"href":"https:\/\/stage.shop-cellularswiss.ch\/de\/wp-json\/wp\/v2\/types\/product"}],"replies":[{"embeddable":true,"href":"https:\/\/stage.shop-cellularswiss.ch\/de\/wp-json\/wp\/v2\/comments?post=69817"}],"wp:featuredmedia":[{"embeddable":true,"href":"https:\/\/stage.shop-cellularswiss.ch\/de\/wp-json\/wp\/v2\/media\/69146"}],"wp:attachment":[{"href":"https:\/\/stage.shop-cellularswiss.ch\/de\/wp-json\/wp\/v2\/media?parent=69817"}],"wp:term":[{"taxonomy":"pwb-brand","embeddable":true,"href":"https:\/\/stage.shop-cellularswiss.ch\/de\/wp-json\/wp\/v2\/pwb-brand?post=69817"},{"taxonomy":"product_cat","embeddable":true,"href":"https:\/\/stage.shop-cellularswiss.ch\/de\/wp-json\/wp\/v2\/product_cat?post=69817"},{"taxonomy":"product_tag","embeddable":true,"href":"https:\/\/stage.shop-cellularswiss.ch\/de\/wp-json\/wp\/v2\/product_tag?post=69817"},{"taxonomy":"compatibilite","embeddable":true,"href":"https:\/\/stage.shop-cellularswiss.ch\/de\/wp-json\/wp\/v2\/compatibilite?post=69817"},{"taxonomy":"compatibilite_smartphone","embeddable":true,"href":"https:\/\/stage.shop-cellularswiss.ch\/de\/wp-json\/wp\/v2\/compatibilite_smartphone?post=69817"}],"curies":[{"name":"wp","href":"https:\/\/api.w.org\/{rel}","templated":true}]}}