
{"id":69821,"date":"2021-10-20T07:45:04","date_gmt":"2021-10-26T14:44:28","guid":{"rendered":"https:\/\/stage.shop-cellularswiss.ch\/produit\/selfie-ring-pro-multicolor-universale\/"},"modified":"2021-10-26T16:44:31","modified_gmt":"2021-10-26T14:44:31","slug":"selfie-ring-pro-multicolor-universale","status":"publish","type":"product","link":"https:\/\/stage.shop-cellularswiss.ch\/de\/produit\/selfie-ring-pro-multicolor-universale\/","title":{"rendered":"Selfie Ring Pro Multicolor &#8211; Universale"},"content":{"rendered":"<p>Der SELFIE RING PRO MULTICOLOR ist ein RGB-LED-Ringlicht mit einem auf 1,60m H\u00f6he ausziehbarem Stativ und eignet sich ideal f\u00fcr Video- und Selfie-Aufnahmen. Das LED-Ringlicht hat einen Durchmesser von 10 Zoll (25,4cm) und 18 Beleuchtungsmodi, die \u00fcber eine Fernbedienung aktiviert werden k\u00f6nnen. Die drehbare Universalhalterung f\u00fcr Smartphones erm\u00f6glicht Ihnen die perfekte Regie bei Ihren Aufnahmen! Dank der mitgelieferten Fernbedienung \u00fcber Bluetooth\u00ae k\u00f6nnen Sie auch aus der Ferne Videoaufnahmen starten oder Selfies schie\u00dfen.<\/p>\n","protected":false},"excerpt":{"rendered":"<p>LED-Ringlicht mit RGB-Modus, einstellbarer Helligkeit und einem 1,60-m-Stativ f\u00fcr Videoaufnahmen und Selfies<\/p>\n","protected":false},"featured_media":69194,"comment_status":"closed","ping_status":"closed","template":"","meta":{"_et_pb_use_builder":"","_et_pb_old_content":"","_et_gb_content_width":""},"pwb-brand":[],"product_cat":[544,542],"product_tag":[],"compatibilite":[],"compatibilite_smartphone":[4725],"brands":[],"_links":{"self":[{"href":"https:\/\/stage.shop-cellularswiss.ch\/de\/wp-json\/wp\/v2\/product\/69821"}],"collection":[{"href":"https:\/\/stage.shop-cellularswiss.ch\/de\/wp-json\/wp\/v2\/product"}],"about":[{"href":"https:\/\/stage.shop-cellularswiss.ch\/de\/wp-json\/wp\/v2\/types\/product"}],"replies":[{"embeddable":true,"href":"https:\/\/stage.shop-cellularswiss.ch\/de\/wp-json\/wp\/v2\/comments?post=69821"}],"wp:featuredmedia":[{"embeddable":true,"href":"https:\/\/stage.shop-cellularswiss.ch\/de\/wp-json\/wp\/v2\/media\/69194"}],"wp:attachment":[{"href":"https:\/\/stage.shop-cellularswiss.ch\/de\/wp-json\/wp\/v2\/media?parent=69821"}],"wp:term":[{"taxonomy":"pwb-brand","embeddable":true,"href":"https:\/\/stage.shop-cellularswiss.ch\/de\/wp-json\/wp\/v2\/pwb-brand?post=69821"},{"taxonomy":"product_cat","embeddable":true,"href":"https:\/\/stage.shop-cellularswiss.ch\/de\/wp-json\/wp\/v2\/product_cat?post=69821"},{"taxonomy":"product_tag","embeddable":true,"href":"https:\/\/stage.shop-cellularswiss.ch\/de\/wp-json\/wp\/v2\/product_tag?post=69821"},{"taxonomy":"compatibilite","embeddable":true,"href":"https:\/\/stage.shop-cellularswiss.ch\/de\/wp-json\/wp\/v2\/compatibilite?post=69821"},{"taxonomy":"compatibilite_smartphone","embeddable":true,"href":"https:\/\/stage.shop-cellularswiss.ch\/de\/wp-json\/wp\/v2\/compatibilite_smartphone?post=69821"}],"curies":[{"name":"wp","href":"https:\/\/api.w.org\/{rel}","templated":true}]}}