
{"id":69868,"date":"2021-10-20T07:45:52","date_gmt":"2021-10-26T14:45:11","guid":{"rendered":"https:\/\/stage.shop-cellularswiss.ch\/produit\/long-cable-250cm-usb-to-usb-c\/"},"modified":"2021-10-26T16:45:14","modified_gmt":"2021-10-26T14:45:14","slug":"long-cable-250cm-usb-to-usb-c","status":"publish","type":"product","link":"https:\/\/stage.shop-cellularswiss.ch\/de\/produit\/long-cable-250cm-usb-to-usb-c\/","title":{"rendered":"Long Cable 250cm &#8211; USB to USB-C"},"content":{"rendered":"<p>Das \u201eLong Cable\u201c ist ein Kabel mit der Extral\u00e4nge von 250cm und sorgt f\u00fcr maximale Bewegungsfreiheit. So k\u00f6nnen Sie Ihr Ger\u00e4t \u00fcberall aufladen und w\u00e4hrend des Ladevorgangs weiter benutzen. Mit diesem Kabel lassen sich auch weiter entfernte Steckdosen erreichen \u2013 perfekt f\u00fcr den allt\u00e4glichen Einsatz zu Hause oder im B\u00fcro. Es ist mit einer weichen Textilummantelung versehen, und seine Metallstecker garantieren maximale Sto\u00df- und Druckfestigkeit.<\/p>\n","protected":false},"excerpt":{"rendered":"<p>Extra langes USB-Kabel<\/p>\n","protected":false},"featured_media":69578,"comment_status":"closed","ping_status":"closed","template":"","meta":{"_et_pb_use_builder":"","_et_pb_old_content":"","_et_gb_content_width":""},"pwb-brand":[],"product_cat":[3863,1781],"product_tag":[],"compatibilite":[],"compatibilite_smartphone":[4661],"brands":[],"_links":{"self":[{"href":"https:\/\/stage.shop-cellularswiss.ch\/de\/wp-json\/wp\/v2\/product\/69868"}],"collection":[{"href":"https:\/\/stage.shop-cellularswiss.ch\/de\/wp-json\/wp\/v2\/product"}],"about":[{"href":"https:\/\/stage.shop-cellularswiss.ch\/de\/wp-json\/wp\/v2\/types\/product"}],"replies":[{"embeddable":true,"href":"https:\/\/stage.shop-cellularswiss.ch\/de\/wp-json\/wp\/v2\/comments?post=69868"}],"wp:featuredmedia":[{"embeddable":true,"href":"https:\/\/stage.shop-cellularswiss.ch\/de\/wp-json\/wp\/v2\/media\/69578"}],"wp:attachment":[{"href":"https:\/\/stage.shop-cellularswiss.ch\/de\/wp-json\/wp\/v2\/media?parent=69868"}],"wp:term":[{"taxonomy":"pwb-brand","embeddable":true,"href":"https:\/\/stage.shop-cellularswiss.ch\/de\/wp-json\/wp\/v2\/pwb-brand?post=69868"},{"taxonomy":"product_cat","embeddable":true,"href":"https:\/\/stage.shop-cellularswiss.ch\/de\/wp-json\/wp\/v2\/product_cat?post=69868"},{"taxonomy":"product_tag","embeddable":true,"href":"https:\/\/stage.shop-cellularswiss.ch\/de\/wp-json\/wp\/v2\/product_tag?post=69868"},{"taxonomy":"compatibilite","embeddable":true,"href":"https:\/\/stage.shop-cellularswiss.ch\/de\/wp-json\/wp\/v2\/compatibilite?post=69868"},{"taxonomy":"compatibilite_smartphone","embeddable":true,"href":"https:\/\/stage.shop-cellularswiss.ch\/de\/wp-json\/wp\/v2\/compatibilite_smartphone?post=69868"}],"curies":[{"name":"wp","href":"https:\/\/api.w.org\/{rel}","templated":true}]}}