
{"id":70006,"date":"2021-10-26T16:45:11","date_gmt":"2021-10-26T14:45:11","guid":{"rendered":"https:\/\/stage.shop-cellularswiss.ch\/produit\/domus-chargeur-sans-fil-decoratif-concu-par-matteo-ragni\/"},"modified":"2021-10-26T16:45:20","modified_gmt":"2021-10-26T14:45:20","slug":"domus-chargeur-sans-fil-decoratif-concu-par-matteo-ragni","status":"publish","type":"product","link":"https:\/\/stage.shop-cellularswiss.ch\/de\/produit\/domus-chargeur-sans-fil-decoratif-concu-par-matteo-ragni\/","title":{"rendered":"Domus &#8211; Chargeur sans fil d\u00e9coratif con\u00e7u par Matteo Ragni"},"content":{"rendered":"<p>DOMUS ist ein Gegenstand, der im modernen Alltag ma\u00dfgeblich ist. Am Ende des Tags vertraut man ihm das Smartphone an, um es f\u00fcr den n\u00e4chsten Tag zu laden. Gleichzeitig ruft es Erinnerungen an einen mystischen, unverg\u00e4nglichen Ort wach. Kaum wahrnehmbare Strahlen schm\u00fccken die Auflagefl\u00e4che und erlauben es dem Klang, sich gleichm\u00e4\u00dfig zu verbreiten. Innovation und Stil verschmelzen zu einem technologischen Produkt von ausgepr\u00e4gter Pers\u00f6nlichkeit, das sich als Wohnaccessoire in die h\u00e4usliche Umgebung einf\u00fcgt. DOMUS eignet sich f\u00fcr alle Ger\u00e4te mit Qi-Ladung aller Marken.<\/p>\n","protected":false},"excerpt":{"rendered":"<p>Kabellose Ladehalterung und schlichtes Wohnaccessoire in einem<\/p>\n","protected":false},"featured_media":0,"comment_status":"closed","ping_status":"closed","template":"","meta":{"_et_pb_use_builder":"","_et_pb_old_content":"","_et_gb_content_width":""},"pwb-brand":[],"product_cat":[1781,1784],"product_tag":[],"compatibilite":[],"compatibilite_smartphone":[4725],"brands":[],"_links":{"self":[{"href":"https:\/\/stage.shop-cellularswiss.ch\/de\/wp-json\/wp\/v2\/product\/70006"}],"collection":[{"href":"https:\/\/stage.shop-cellularswiss.ch\/de\/wp-json\/wp\/v2\/product"}],"about":[{"href":"https:\/\/stage.shop-cellularswiss.ch\/de\/wp-json\/wp\/v2\/types\/product"}],"replies":[{"embeddable":true,"href":"https:\/\/stage.shop-cellularswiss.ch\/de\/wp-json\/wp\/v2\/comments?post=70006"}],"wp:attachment":[{"href":"https:\/\/stage.shop-cellularswiss.ch\/de\/wp-json\/wp\/v2\/media?parent=70006"}],"wp:term":[{"taxonomy":"pwb-brand","embeddable":true,"href":"https:\/\/stage.shop-cellularswiss.ch\/de\/wp-json\/wp\/v2\/pwb-brand?post=70006"},{"taxonomy":"product_cat","embeddable":true,"href":"https:\/\/stage.shop-cellularswiss.ch\/de\/wp-json\/wp\/v2\/product_cat?post=70006"},{"taxonomy":"product_tag","embeddable":true,"href":"https:\/\/stage.shop-cellularswiss.ch\/de\/wp-json\/wp\/v2\/product_tag?post=70006"},{"taxonomy":"compatibilite","embeddable":true,"href":"https:\/\/stage.shop-cellularswiss.ch\/de\/wp-json\/wp\/v2\/compatibilite?post=70006"},{"taxonomy":"compatibilite_smartphone","embeddable":true,"href":"https:\/\/stage.shop-cellularswiss.ch\/de\/wp-json\/wp\/v2\/compatibilite_smartphone?post=70006"}],"curies":[{"name":"wp","href":"https:\/\/api.w.org\/{rel}","templated":true}]}}