
{"id":70013,"date":"2021-10-26T16:45:19","date_gmt":"2021-10-26T14:45:19","guid":{"rendered":"https:\/\/stage.shop-cellularswiss.ch\/produit\/lotus-chargeur-sans-fil-decoratif-concu-par-matteo-ragni\/"},"modified":"2021-10-26T16:45:26","modified_gmt":"2021-10-26T14:45:26","slug":"lotus-chargeur-sans-fil-decoratif-concu-par-matteo-ragni","status":"publish","type":"product","link":"https:\/\/stage.shop-cellularswiss.ch\/de\/produit\/lotus-chargeur-sans-fil-decoratif-concu-par-matteo-ragni\/","title":{"rendered":"Lotus &#8211; Chargeur sans fil d\u00e9coratif con\u00e7u par Matteo Ragni"},"content":{"rendered":"<p>LOTUS ist ein kabelloses Ladeger\u00e4t und ein Aufbewahrungsort f\u00fcr die \u201emobilen\u201c Dinge, das sich an der poetischen Fantasiewelt der Feen und Nymphen inspiriert hat. Leicht und kaum wahrnehmbar nimmt es das Smartphone wie in eine schwebende Bl\u00fcte auf, wobei radiale Strahlen die korrekte Ladeposition anzeigen. Technologie und Design verschmelzen zu einem zeitlosen Objekt, das sich als Wohnaccessoire perfekt in die h\u00e4usliche Umgebung einf\u00fcgt und modernste Technologie in sich birgt. LOTUS eignet sich f\u00fcr alle Ger\u00e4te mit Qi-Ladung aller Marken.<\/p>\n","protected":false},"excerpt":{"rendered":"<p>Kabellose Ladestation und schlichtes Wohnaccessoire in einem<\/p>\n","protected":false},"featured_media":0,"comment_status":"closed","ping_status":"closed","template":"","meta":{"_et_pb_use_builder":"","_et_pb_old_content":"","_et_gb_content_width":""},"pwb-brand":[],"product_cat":[1781,1784],"product_tag":[],"compatibilite":[],"compatibilite_smartphone":[4725],"brands":[],"_links":{"self":[{"href":"https:\/\/stage.shop-cellularswiss.ch\/de\/wp-json\/wp\/v2\/product\/70013"}],"collection":[{"href":"https:\/\/stage.shop-cellularswiss.ch\/de\/wp-json\/wp\/v2\/product"}],"about":[{"href":"https:\/\/stage.shop-cellularswiss.ch\/de\/wp-json\/wp\/v2\/types\/product"}],"replies":[{"embeddable":true,"href":"https:\/\/stage.shop-cellularswiss.ch\/de\/wp-json\/wp\/v2\/comments?post=70013"}],"wp:attachment":[{"href":"https:\/\/stage.shop-cellularswiss.ch\/de\/wp-json\/wp\/v2\/media?parent=70013"}],"wp:term":[{"taxonomy":"pwb-brand","embeddable":true,"href":"https:\/\/stage.shop-cellularswiss.ch\/de\/wp-json\/wp\/v2\/pwb-brand?post=70013"},{"taxonomy":"product_cat","embeddable":true,"href":"https:\/\/stage.shop-cellularswiss.ch\/de\/wp-json\/wp\/v2\/product_cat?post=70013"},{"taxonomy":"product_tag","embeddable":true,"href":"https:\/\/stage.shop-cellularswiss.ch\/de\/wp-json\/wp\/v2\/product_tag?post=70013"},{"taxonomy":"compatibilite","embeddable":true,"href":"https:\/\/stage.shop-cellularswiss.ch\/de\/wp-json\/wp\/v2\/compatibilite?post=70013"},{"taxonomy":"compatibilite_smartphone","embeddable":true,"href":"https:\/\/stage.shop-cellularswiss.ch\/de\/wp-json\/wp\/v2\/compatibilite_smartphone?post=70013"}],"curies":[{"name":"wp","href":"https:\/\/api.w.org\/{rel}","templated":true}]}}