
{"id":73380,"date":"2021-12-03T15:58:05","date_gmt":"2021-12-03T14:58:05","guid":{"rendered":"https:\/\/stage.shop-cellularswiss.ch\/produit\/wired-extension\/"},"modified":"2021-12-03T15:58:11","modified_gmt":"2021-12-03T14:58:11","slug":"wired-extension","status":"publish","type":"product","link":"https:\/\/stage.shop-cellularswiss.ch\/de\/produit\/wired-extension\/","title":{"rendered":"WIRED EXTENSION"},"content":{"rendered":"<p>100 cm Aux-Verl\u00e4ngerungskabel f\u00fcr 3,5-mm-Kopfh\u00f6rer, ideal f\u00fcr mehr Komfort und Bequemlichkeit bei der Verwendung von Kopfh\u00f6rern und Headsets mit Ihrem Smartphone, Tablet oder PC<\/p>\n","protected":false},"excerpt":{"rendered":"<p>Aux-Verl\u00e4ngerung f\u00fcr 3,5-mm-Kopfh\u00f6rer<\/p>\n","protected":false},"featured_media":72757,"comment_status":"closed","ping_status":"open","template":"","meta":{"_et_pb_use_builder":"","_et_pb_old_content":"","_et_gb_content_width":""},"pwb-brand":[],"product_cat":[493,500],"product_tag":[],"compatibilite":[],"compatibilite_smartphone":[5083],"brands":[],"_links":{"self":[{"href":"https:\/\/stage.shop-cellularswiss.ch\/de\/wp-json\/wp\/v2\/product\/73380"}],"collection":[{"href":"https:\/\/stage.shop-cellularswiss.ch\/de\/wp-json\/wp\/v2\/product"}],"about":[{"href":"https:\/\/stage.shop-cellularswiss.ch\/de\/wp-json\/wp\/v2\/types\/product"}],"replies":[{"embeddable":true,"href":"https:\/\/stage.shop-cellularswiss.ch\/de\/wp-json\/wp\/v2\/comments?post=73380"}],"wp:featuredmedia":[{"embeddable":true,"href":"https:\/\/stage.shop-cellularswiss.ch\/de\/wp-json\/wp\/v2\/media\/72757"}],"wp:attachment":[{"href":"https:\/\/stage.shop-cellularswiss.ch\/de\/wp-json\/wp\/v2\/media?parent=73380"}],"wp:term":[{"taxonomy":"pwb-brand","embeddable":true,"href":"https:\/\/stage.shop-cellularswiss.ch\/de\/wp-json\/wp\/v2\/pwb-brand?post=73380"},{"taxonomy":"product_cat","embeddable":true,"href":"https:\/\/stage.shop-cellularswiss.ch\/de\/wp-json\/wp\/v2\/product_cat?post=73380"},{"taxonomy":"product_tag","embeddable":true,"href":"https:\/\/stage.shop-cellularswiss.ch\/de\/wp-json\/wp\/v2\/product_tag?post=73380"},{"taxonomy":"compatibilite","embeddable":true,"href":"https:\/\/stage.shop-cellularswiss.ch\/de\/wp-json\/wp\/v2\/compatibilite?post=73380"},{"taxonomy":"compatibilite_smartphone","embeddable":true,"href":"https:\/\/stage.shop-cellularswiss.ch\/de\/wp-json\/wp\/v2\/compatibilite_smartphone?post=73380"}],"curies":[{"name":"wp","href":"https:\/\/api.w.org\/{rel}","templated":true}]}}