
{"id":73381,"date":"2021-12-03T15:58:10","date_gmt":"2021-12-03T14:58:10","guid":{"rendered":"https:\/\/stage.shop-cellularswiss.ch\/produit\/become-airpods-12\/"},"modified":"2021-12-03T15:58:13","modified_gmt":"2021-12-03T14:58:13","slug":"become-airpods-12","status":"publish","type":"product","link":"https:\/\/stage.shop-cellularswiss.ch\/de\/produit\/become-airpods-12\/","title":{"rendered":"Become &#8211; AirPods 1&#038;2"},"content":{"rendered":"<p>BECOME ist die umweltfreundliche, biologisch abbaubare und kompostierbare Schutzh\u00fclle f\u00fcr AirPods mit einer Verpackung, die zu 100% aus recyceltem und wiederverwertbarem Papier besteht. Ideal zum Schutz des Charging Case der AirPods vor Kratzern, Schmutz und St\u00fcrzen, passt sich perfekt dem Design an, ohne die Form zu ver\u00e4ndern. Dank einfachem Zugang zur Steckverbindung und Wireless-Charging-Kompatibilit\u00e4t k\u00f6nnen die AirPods aufgeladen werden, ohne das Charging Case aus der Schutzh\u00fclle zu entfernen. Durch den praktischen Haken l\u00e4sst sie sich an der Handtasche, am Rucksack oder an den G\u00fcrtelschlaufen befestigen.<\/p>\n","protected":false},"excerpt":{"rendered":"<p>Biologisch abbaubare und kompostierbare Schutzh\u00fclle f\u00fcr AirPods<\/p>\n","protected":false},"featured_media":72773,"comment_status":"closed","ping_status":"open","template":"","meta":{"_et_pb_use_builder":"","_et_pb_old_content":"","_et_gb_content_width":""},"pwb-brand":[],"product_cat":[544,542],"product_tag":[],"compatibilite":[],"compatibilite_smartphone":[4575],"brands":[],"_links":{"self":[{"href":"https:\/\/stage.shop-cellularswiss.ch\/de\/wp-json\/wp\/v2\/product\/73381"}],"collection":[{"href":"https:\/\/stage.shop-cellularswiss.ch\/de\/wp-json\/wp\/v2\/product"}],"about":[{"href":"https:\/\/stage.shop-cellularswiss.ch\/de\/wp-json\/wp\/v2\/types\/product"}],"replies":[{"embeddable":true,"href":"https:\/\/stage.shop-cellularswiss.ch\/de\/wp-json\/wp\/v2\/comments?post=73381"}],"wp:featuredmedia":[{"embeddable":true,"href":"https:\/\/stage.shop-cellularswiss.ch\/de\/wp-json\/wp\/v2\/media\/72773"}],"wp:attachment":[{"href":"https:\/\/stage.shop-cellularswiss.ch\/de\/wp-json\/wp\/v2\/media?parent=73381"}],"wp:term":[{"taxonomy":"pwb-brand","embeddable":true,"href":"https:\/\/stage.shop-cellularswiss.ch\/de\/wp-json\/wp\/v2\/pwb-brand?post=73381"},{"taxonomy":"product_cat","embeddable":true,"href":"https:\/\/stage.shop-cellularswiss.ch\/de\/wp-json\/wp\/v2\/product_cat?post=73381"},{"taxonomy":"product_tag","embeddable":true,"href":"https:\/\/stage.shop-cellularswiss.ch\/de\/wp-json\/wp\/v2\/product_tag?post=73381"},{"taxonomy":"compatibilite","embeddable":true,"href":"https:\/\/stage.shop-cellularswiss.ch\/de\/wp-json\/wp\/v2\/compatibilite?post=73381"},{"taxonomy":"compatibilite_smartphone","embeddable":true,"href":"https:\/\/stage.shop-cellularswiss.ch\/de\/wp-json\/wp\/v2\/compatibilite_smartphone?post=73381"}],"curies":[{"name":"wp","href":"https:\/\/api.w.org\/{rel}","templated":true}]}}