
{"id":73390,"date":"2021-12-03T15:58:31","date_gmt":"2021-12-03T14:58:31","guid":{"rendered":"https:\/\/stage.shop-cellularswiss.ch\/produit\/breeze\/"},"modified":"2021-12-03T15:58:36","modified_gmt":"2021-12-03T14:58:36","slug":"breeze","status":"publish","type":"product","link":"https:\/\/stage.shop-cellularswiss.ch\/de\/produit\/breeze\/","title":{"rendered":"BREEZE"},"content":{"rendered":"<p>BREEZE ist ein kabelgebundenes Headset f\u00fcr das iPhone mit integrierter antibakterieller Microban\u00ae Technologie und einer Kabelaufwicklung. Die klassische Kapselform macht sie praktisch und bequem. Die BREEZE-Kopfh\u00f6rer zeichnen sich durch gute Klangqualit\u00e4t und Klarheit aus. Mit der Annahmetaste k\u00f6nnen Sie Anrufe entgegennehmen und Titel wechseln, ohne Ihr Ger\u00e4t benutzen zu m\u00fcssen. Die Ohrh\u00f6rer sind mit der antibakteriellen Microban\u00ae Technologie behandelt, die dazu beitr\u00e4gt, Bakterien auf der Oberfl\u00e4che der Ohrh\u00f6rerkapseln zu verhindern. Die im Lieferumfang enthaltene praktische Kabeltrommel verbessert die Tragbarkeit, indem sie das Kabel beim Transport sch\u00fctzt und ordentlich h\u00e4lt.<\/p>\n","protected":false},"excerpt":{"rendered":"<p>Auriculares est\u00e9reo con cable para iPhone, con tecnolog\u00eda antibacteriana Microban\u00ae integrada y enrollador de cable.<\/p>\n","protected":false},"featured_media":72889,"comment_status":"closed","ping_status":"open","template":"","meta":{"_et_pb_use_builder":"","_et_pb_old_content":"","_et_gb_content_width":""},"pwb-brand":[],"product_cat":[472,474],"product_tag":[],"compatibilite":[],"compatibilite_smartphone":[5096],"brands":[],"_links":{"self":[{"href":"https:\/\/stage.shop-cellularswiss.ch\/de\/wp-json\/wp\/v2\/product\/73390"}],"collection":[{"href":"https:\/\/stage.shop-cellularswiss.ch\/de\/wp-json\/wp\/v2\/product"}],"about":[{"href":"https:\/\/stage.shop-cellularswiss.ch\/de\/wp-json\/wp\/v2\/types\/product"}],"replies":[{"embeddable":true,"href":"https:\/\/stage.shop-cellularswiss.ch\/de\/wp-json\/wp\/v2\/comments?post=73390"}],"wp:featuredmedia":[{"embeddable":true,"href":"https:\/\/stage.shop-cellularswiss.ch\/de\/wp-json\/wp\/v2\/media\/72889"}],"wp:attachment":[{"href":"https:\/\/stage.shop-cellularswiss.ch\/de\/wp-json\/wp\/v2\/media?parent=73390"}],"wp:term":[{"taxonomy":"pwb-brand","embeddable":true,"href":"https:\/\/stage.shop-cellularswiss.ch\/de\/wp-json\/wp\/v2\/pwb-brand?post=73390"},{"taxonomy":"product_cat","embeddable":true,"href":"https:\/\/stage.shop-cellularswiss.ch\/de\/wp-json\/wp\/v2\/product_cat?post=73390"},{"taxonomy":"product_tag","embeddable":true,"href":"https:\/\/stage.shop-cellularswiss.ch\/de\/wp-json\/wp\/v2\/product_tag?post=73390"},{"taxonomy":"compatibilite","embeddable":true,"href":"https:\/\/stage.shop-cellularswiss.ch\/de\/wp-json\/wp\/v2\/compatibilite?post=73390"},{"taxonomy":"compatibilite_smartphone","embeddable":true,"href":"https:\/\/stage.shop-cellularswiss.ch\/de\/wp-json\/wp\/v2\/compatibilite_smartphone?post=73390"}],"curies":[{"name":"wp","href":"https:\/\/api.w.org\/{rel}","templated":true}]}}