
{"id":73393,"date":"2021-12-03T15:58:41","date_gmt":"2021-12-03T14:58:41","guid":{"rendered":"https:\/\/stage.shop-cellularswiss.ch\/produit\/home-office-task\/"},"modified":"2021-12-03T15:58:45","modified_gmt":"2021-12-03T14:58:45","slug":"home-office-task","status":"publish","type":"product","link":"https:\/\/stage.shop-cellularswiss.ch\/de\/produit\/home-office-task\/","title":{"rendered":"HOME &#038; OFFICE &#8211; TASK"},"content":{"rendered":"<p>TASK ist ein Headset mit abnehmbarem Mikrofon, ideal f\u00fcr Videoanrufe von Smartphones, aber auch von Tablets und PCs. Das Headset kann dank des mitgelieferten 120 cm langen Aux-Kabels sowohl im Bluetooth- als auch im kabelgebundenen Modus verwendet werden. Mit einer Lautst\u00e4rkebegrenzung von 85 dB eignet sich das Headset f\u00fcr junge Leute, f\u00fcr Fernunterricht oder zum Musikh\u00f6ren.<\/p>\n","protected":false},"excerpt":{"rendered":"<p>Headset mit abnehmbarem Mikrofon<\/p>\n","protected":false},"featured_media":72941,"comment_status":"closed","ping_status":"open","template":"","meta":{"_et_pb_use_builder":"","_et_pb_old_content":"","_et_gb_content_width":""},"pwb-brand":[],"product_cat":[493,509],"product_tag":[],"compatibilite":[],"compatibilite_smartphone":[4725],"brands":[],"_links":{"self":[{"href":"https:\/\/stage.shop-cellularswiss.ch\/de\/wp-json\/wp\/v2\/product\/73393"}],"collection":[{"href":"https:\/\/stage.shop-cellularswiss.ch\/de\/wp-json\/wp\/v2\/product"}],"about":[{"href":"https:\/\/stage.shop-cellularswiss.ch\/de\/wp-json\/wp\/v2\/types\/product"}],"replies":[{"embeddable":true,"href":"https:\/\/stage.shop-cellularswiss.ch\/de\/wp-json\/wp\/v2\/comments?post=73393"}],"wp:featuredmedia":[{"embeddable":true,"href":"https:\/\/stage.shop-cellularswiss.ch\/de\/wp-json\/wp\/v2\/media\/72941"}],"wp:attachment":[{"href":"https:\/\/stage.shop-cellularswiss.ch\/de\/wp-json\/wp\/v2\/media?parent=73393"}],"wp:term":[{"taxonomy":"pwb-brand","embeddable":true,"href":"https:\/\/stage.shop-cellularswiss.ch\/de\/wp-json\/wp\/v2\/pwb-brand?post=73393"},{"taxonomy":"product_cat","embeddable":true,"href":"https:\/\/stage.shop-cellularswiss.ch\/de\/wp-json\/wp\/v2\/product_cat?post=73393"},{"taxonomy":"product_tag","embeddable":true,"href":"https:\/\/stage.shop-cellularswiss.ch\/de\/wp-json\/wp\/v2\/product_tag?post=73393"},{"taxonomy":"compatibilite","embeddable":true,"href":"https:\/\/stage.shop-cellularswiss.ch\/de\/wp-json\/wp\/v2\/compatibilite?post=73393"},{"taxonomy":"compatibilite_smartphone","embeddable":true,"href":"https:\/\/stage.shop-cellularswiss.ch\/de\/wp-json\/wp\/v2\/compatibilite_smartphone?post=73393"}],"curies":[{"name":"wp","href":"https:\/\/api.w.org\/{rel}","templated":true}]}}