
{"id":73397,"date":"2021-12-03T15:58:54","date_gmt":"2021-12-03T14:58:54","guid":{"rendered":"https:\/\/stage.shop-cellularswiss.ch\/produit\/clear-airpods-3\/"},"modified":"2021-12-03T15:58:56","modified_gmt":"2021-12-03T14:58:56","slug":"clear-airpods-3","status":"publish","type":"product","link":"https:\/\/stage.shop-cellularswiss.ch\/de\/produit\/clear-airpods-3\/","title":{"rendered":"Clear &#8211; AirPods 3"},"content":{"rendered":"<p>Clear ist die klarsichtige Schutzh\u00fclle f\u00fcr AirPods aus weichem Kautschuk. Ideal zum Schutz des Charging Case der AirPods vor Kratzern, Schmutz und St\u00fcrzen, passt sich perfekt dem Design an, ohne Farbe, Dicke und Form zu ver\u00e4ndern. Dank einfachem Zugang zur Steckverbindung und Wireless-Charging-Kompatibilit\u00e4t k\u00f6nnen die AirPods aufgeladen werden, ohne das Charging Case aus der Schutzh\u00fclle zu entfernen. Durch den praktischen Haken l\u00e4sst sie sich an der Handtasche, am Rucksack oder an den G\u00fcrtelschlaufen befestigen.<\/p>\n","protected":false},"excerpt":{"rendered":"<p>Klarsichtige Schutzh\u00fclle mit Haken aus Kautschuk f\u00fcr AirPods.<\/p>\n","protected":false},"featured_media":73065,"comment_status":"closed","ping_status":"open","template":"","meta":{"_et_pb_use_builder":"","_et_pb_old_content":"","_et_gb_content_width":""},"pwb-brand":[],"product_cat":[544,542],"product_tag":[],"compatibilite":[],"compatibilite_smartphone":[4575],"brands":[],"_links":{"self":[{"href":"https:\/\/stage.shop-cellularswiss.ch\/de\/wp-json\/wp\/v2\/product\/73397"}],"collection":[{"href":"https:\/\/stage.shop-cellularswiss.ch\/de\/wp-json\/wp\/v2\/product"}],"about":[{"href":"https:\/\/stage.shop-cellularswiss.ch\/de\/wp-json\/wp\/v2\/types\/product"}],"replies":[{"embeddable":true,"href":"https:\/\/stage.shop-cellularswiss.ch\/de\/wp-json\/wp\/v2\/comments?post=73397"}],"wp:featuredmedia":[{"embeddable":true,"href":"https:\/\/stage.shop-cellularswiss.ch\/de\/wp-json\/wp\/v2\/media\/73065"}],"wp:attachment":[{"href":"https:\/\/stage.shop-cellularswiss.ch\/de\/wp-json\/wp\/v2\/media?parent=73397"}],"wp:term":[{"taxonomy":"pwb-brand","embeddable":true,"href":"https:\/\/stage.shop-cellularswiss.ch\/de\/wp-json\/wp\/v2\/pwb-brand?post=73397"},{"taxonomy":"product_cat","embeddable":true,"href":"https:\/\/stage.shop-cellularswiss.ch\/de\/wp-json\/wp\/v2\/product_cat?post=73397"},{"taxonomy":"product_tag","embeddable":true,"href":"https:\/\/stage.shop-cellularswiss.ch\/de\/wp-json\/wp\/v2\/product_tag?post=73397"},{"taxonomy":"compatibilite","embeddable":true,"href":"https:\/\/stage.shop-cellularswiss.ch\/de\/wp-json\/wp\/v2\/compatibilite?post=73397"},{"taxonomy":"compatibilite_smartphone","embeddable":true,"href":"https:\/\/stage.shop-cellularswiss.ch\/de\/wp-json\/wp\/v2\/compatibilite_smartphone?post=73397"}],"curies":[{"name":"wp","href":"https:\/\/api.w.org\/{rel}","templated":true}]}}