
{"id":73398,"date":"2021-12-03T15:58:54","date_gmt":"2021-12-03T14:58:54","guid":{"rendered":"https:\/\/stage.shop-cellularswiss.ch\/produit\/defender-airpods-3\/"},"modified":"2021-12-03T15:59:00","modified_gmt":"2021-12-03T14:59:00","slug":"defender-airpods-3","status":"publish","type":"product","link":"https:\/\/stage.shop-cellularswiss.ch\/de\/produit\/defender-airpods-3\/","title":{"rendered":"Defender &#8211; AirPods 3"},"content":{"rendered":"<p>Defender ist die ultrasichere Schutzh\u00fclle, die, gesichert durch die Military Test Zertifizierung, deine AirPods-Ladeh\u00fclle vor Kratzern, Schmutz und St\u00fcrzen sch\u00fctzt. Die Schutzh\u00fclle ist auch mit einem praktischen Haken versehen, \u00fcber den die AirPods an der Handtasche oder an den G\u00fcrtelschlaufen befestigt werden k\u00f6nnen und sich somit das Risiko, diese zu verlieren, verringern l\u00e4sst. Dank einfachem Zugang zur Steckverbindung und Wireless-Charging-Kompatibilit\u00e4t k\u00f6nnen die AirPods aufgeladen werden, ohne das Charging Case aus der Schutzh\u00fclle zu entfernen.<\/p>\n","protected":false},"excerpt":{"rendered":"<p>Ultrasichere Schutzh\u00fclle f\u00fcr AirPods mit Haken<\/p>\n","protected":false},"featured_media":73077,"comment_status":"closed","ping_status":"open","template":"","meta":{"_et_pb_use_builder":"","_et_pb_old_content":"","_et_gb_content_width":""},"pwb-brand":[],"product_cat":[544,542],"product_tag":[],"compatibilite":[],"compatibilite_smartphone":[4575],"brands":[],"_links":{"self":[{"href":"https:\/\/stage.shop-cellularswiss.ch\/de\/wp-json\/wp\/v2\/product\/73398"}],"collection":[{"href":"https:\/\/stage.shop-cellularswiss.ch\/de\/wp-json\/wp\/v2\/product"}],"about":[{"href":"https:\/\/stage.shop-cellularswiss.ch\/de\/wp-json\/wp\/v2\/types\/product"}],"replies":[{"embeddable":true,"href":"https:\/\/stage.shop-cellularswiss.ch\/de\/wp-json\/wp\/v2\/comments?post=73398"}],"wp:featuredmedia":[{"embeddable":true,"href":"https:\/\/stage.shop-cellularswiss.ch\/de\/wp-json\/wp\/v2\/media\/73077"}],"wp:attachment":[{"href":"https:\/\/stage.shop-cellularswiss.ch\/de\/wp-json\/wp\/v2\/media?parent=73398"}],"wp:term":[{"taxonomy":"pwb-brand","embeddable":true,"href":"https:\/\/stage.shop-cellularswiss.ch\/de\/wp-json\/wp\/v2\/pwb-brand?post=73398"},{"taxonomy":"product_cat","embeddable":true,"href":"https:\/\/stage.shop-cellularswiss.ch\/de\/wp-json\/wp\/v2\/product_cat?post=73398"},{"taxonomy":"product_tag","embeddable":true,"href":"https:\/\/stage.shop-cellularswiss.ch\/de\/wp-json\/wp\/v2\/product_tag?post=73398"},{"taxonomy":"compatibilite","embeddable":true,"href":"https:\/\/stage.shop-cellularswiss.ch\/de\/wp-json\/wp\/v2\/compatibilite?post=73398"},{"taxonomy":"compatibilite_smartphone","embeddable":true,"href":"https:\/\/stage.shop-cellularswiss.ch\/de\/wp-json\/wp\/v2\/compatibilite_smartphone?post=73398"}],"curies":[{"name":"wp","href":"https:\/\/api.w.org\/{rel}","templated":true}]}}