
{"id":73401,"date":"2021-12-03T15:59:04","date_gmt":"2021-12-03T14:59:04","guid":{"rendered":"https:\/\/stage.shop-cellularswiss.ch\/produit\/flexi-holder\/"},"modified":"2021-12-03T15:59:07","modified_gmt":"2021-12-03T14:59:07","slug":"flexi-holder","status":"publish","type":"product","link":"https:\/\/stage.shop-cellularswiss.ch\/de\/produit\/flexi-holder\/","title":{"rendered":"Flexi Holder"},"content":{"rendered":"<p>FLEXI HOLDER ist die Halterung mit flexiblem Arm f\u00fcr Smartphones und TabletsDer Arm hat eine L\u00e4nge von 66cm und einen Greifer, der sich f\u00fcr unterschiedlichste Ger\u00e4tegr\u00f6\u00dfen eignet.Die Halterung verf\u00fcgt \u00fcber einen Halteclip, der sich verschiedenen Abmessungen und Oberfl\u00e4chen aller Art anpassen l\u00e4sst, was den Flexi Holder zum idealen Produkt f\u00fcr zuhause und im B\u00fcro macht.<\/p>\n","protected":false},"excerpt":{"rendered":"<p>Halterung mit flexiblem Arm f\u00fcr Smartphones und Tablets.<\/p>\n","protected":false},"featured_media":73117,"comment_status":"closed","ping_status":"open","template":"","meta":{"_et_pb_use_builder":"","_et_pb_old_content":"","_et_gb_content_width":""},"pwb-brand":[],"product_cat":[544,542],"product_tag":[],"compatibilite":[],"compatibilite_smartphone":[4658],"brands":[],"_links":{"self":[{"href":"https:\/\/stage.shop-cellularswiss.ch\/de\/wp-json\/wp\/v2\/product\/73401"}],"collection":[{"href":"https:\/\/stage.shop-cellularswiss.ch\/de\/wp-json\/wp\/v2\/product"}],"about":[{"href":"https:\/\/stage.shop-cellularswiss.ch\/de\/wp-json\/wp\/v2\/types\/product"}],"replies":[{"embeddable":true,"href":"https:\/\/stage.shop-cellularswiss.ch\/de\/wp-json\/wp\/v2\/comments?post=73401"}],"wp:featuredmedia":[{"embeddable":true,"href":"https:\/\/stage.shop-cellularswiss.ch\/de\/wp-json\/wp\/v2\/media\/73117"}],"wp:attachment":[{"href":"https:\/\/stage.shop-cellularswiss.ch\/de\/wp-json\/wp\/v2\/media?parent=73401"}],"wp:term":[{"taxonomy":"pwb-brand","embeddable":true,"href":"https:\/\/stage.shop-cellularswiss.ch\/de\/wp-json\/wp\/v2\/pwb-brand?post=73401"},{"taxonomy":"product_cat","embeddable":true,"href":"https:\/\/stage.shop-cellularswiss.ch\/de\/wp-json\/wp\/v2\/product_cat?post=73401"},{"taxonomy":"product_tag","embeddable":true,"href":"https:\/\/stage.shop-cellularswiss.ch\/de\/wp-json\/wp\/v2\/product_tag?post=73401"},{"taxonomy":"compatibilite","embeddable":true,"href":"https:\/\/stage.shop-cellularswiss.ch\/de\/wp-json\/wp\/v2\/compatibilite?post=73401"},{"taxonomy":"compatibilite_smartphone","embeddable":true,"href":"https:\/\/stage.shop-cellularswiss.ch\/de\/wp-json\/wp\/v2\/compatibilite_smartphone?post=73401"}],"curies":[{"name":"wp","href":"https:\/\/api.w.org\/{rel}","templated":true}]}}