
{"id":73402,"date":"2021-12-03T15:59:04","date_gmt":"2021-12-03T14:59:04","guid":{"rendered":"https:\/\/stage.shop-cellularswiss.ch\/produit\/power-bank-manta-5000\/"},"modified":"2021-12-03T15:59:11","modified_gmt":"2021-12-03T14:59:11","slug":"power-bank-manta-5000","status":"publish","type":"product","link":"https:\/\/stage.shop-cellularswiss.ch\/de\/produit\/power-bank-manta-5000\/","title":{"rendered":"Power Bank MANTA 5000"},"content":{"rendered":"<p>Powerbank MANTA 5000 ist das am weitesten entwickelte portable Ladeger\u00e4t. Mit Zellen aus Lithiumpolymeren hoher Dichte gefertigt, bietet es das beste Verh\u00e4ltnis aus Leistung und Gr\u00f6\u00dfe, wobei die Powerbank im Vergleich zu Standard-Ladeger\u00e4ten ein bis zu 40% geringeres Volumen hat. Das digitale Display zeigt mit h\u00f6chster Genauigkeit den Ladestand an, um die Restladung der Powerbank stets im Blick zu haben. Das Design ist entwickelt, um optimale Leistung zu bieten: die rutschfeste Lackierung und der Bezug aus weichem Soft-Touch-Material sorgen f\u00fcr soliden Halt und angenehmen Griff.<\/p>\n","protected":false},"excerpt":{"rendered":"<p>Schnelles und kompaktes tragbares Ladeger\u00e4t<\/p>\n","protected":false},"featured_media":72176,"comment_status":"closed","ping_status":"open","template":"","meta":{"_et_pb_use_builder":"","_et_pb_old_content":"","_et_gb_content_width":""},"pwb-brand":[],"product_cat":[1781,1793,4196],"product_tag":[],"compatibilite":[],"compatibilite_smartphone":[4725],"brands":[],"_links":{"self":[{"href":"https:\/\/stage.shop-cellularswiss.ch\/de\/wp-json\/wp\/v2\/product\/73402"}],"collection":[{"href":"https:\/\/stage.shop-cellularswiss.ch\/de\/wp-json\/wp\/v2\/product"}],"about":[{"href":"https:\/\/stage.shop-cellularswiss.ch\/de\/wp-json\/wp\/v2\/types\/product"}],"replies":[{"embeddable":true,"href":"https:\/\/stage.shop-cellularswiss.ch\/de\/wp-json\/wp\/v2\/comments?post=73402"}],"wp:featuredmedia":[{"embeddable":true,"href":"https:\/\/stage.shop-cellularswiss.ch\/de\/wp-json\/wp\/v2\/media\/72176"}],"wp:attachment":[{"href":"https:\/\/stage.shop-cellularswiss.ch\/de\/wp-json\/wp\/v2\/media?parent=73402"}],"wp:term":[{"taxonomy":"pwb-brand","embeddable":true,"href":"https:\/\/stage.shop-cellularswiss.ch\/de\/wp-json\/wp\/v2\/pwb-brand?post=73402"},{"taxonomy":"product_cat","embeddable":true,"href":"https:\/\/stage.shop-cellularswiss.ch\/de\/wp-json\/wp\/v2\/product_cat?post=73402"},{"taxonomy":"product_tag","embeddable":true,"href":"https:\/\/stage.shop-cellularswiss.ch\/de\/wp-json\/wp\/v2\/product_tag?post=73402"},{"taxonomy":"compatibilite","embeddable":true,"href":"https:\/\/stage.shop-cellularswiss.ch\/de\/wp-json\/wp\/v2\/compatibilite?post=73402"},{"taxonomy":"compatibilite_smartphone","embeddable":true,"href":"https:\/\/stage.shop-cellularswiss.ch\/de\/wp-json\/wp\/v2\/compatibilite_smartphone?post=73402"}],"curies":[{"name":"wp","href":"https:\/\/api.w.org\/{rel}","templated":true}]}}