
{"id":73403,"date":"2021-12-03T15:59:10","date_gmt":"2021-12-03T14:59:10","guid":{"rendered":"https:\/\/stage.shop-cellularswiss.ch\/produit\/mood-case-xiaomi-redmi-10\/"},"modified":"2021-12-03T15:59:12","modified_gmt":"2021-12-03T14:59:12","slug":"mood-case-xiaomi-redmi-10","status":"publish","type":"product","link":"https:\/\/stage.shop-cellularswiss.ch\/de\/produit\/mood-case-xiaomi-redmi-10\/","title":{"rendered":"Mood Case &#8211; Xiaomi Redmi 10"},"content":{"rendered":"<p>MOOD ist die Schutzh\u00fclle aus weichem, flexiblem Gummi, die das Telefon perfekt umschlie\u00dft und dabei die R\u00e4nder und Tasten sch\u00fctzt, ohne das Design zu beeintr\u00e4chtigen.Die Innenseite aus weichem Stoff sch\u00fctzt das Telefon vor Kratzern undStaub.<\/p>\n","protected":false},"excerpt":{"rendered":"<p>Flexible H\u00fclle aus Gummi<\/p>\n","protected":false},"featured_media":72654,"comment_status":"closed","ping_status":"open","template":"","meta":{"_et_pb_use_builder":"","_et_pb_old_content":"","_et_gb_content_width":""},"pwb-brand":[],"product_cat":[542,559],"product_tag":[],"compatibilite":[],"compatibilite_smartphone":[5088],"brands":[],"_links":{"self":[{"href":"https:\/\/stage.shop-cellularswiss.ch\/de\/wp-json\/wp\/v2\/product\/73403"}],"collection":[{"href":"https:\/\/stage.shop-cellularswiss.ch\/de\/wp-json\/wp\/v2\/product"}],"about":[{"href":"https:\/\/stage.shop-cellularswiss.ch\/de\/wp-json\/wp\/v2\/types\/product"}],"replies":[{"embeddable":true,"href":"https:\/\/stage.shop-cellularswiss.ch\/de\/wp-json\/wp\/v2\/comments?post=73403"}],"wp:featuredmedia":[{"embeddable":true,"href":"https:\/\/stage.shop-cellularswiss.ch\/de\/wp-json\/wp\/v2\/media\/72654"}],"wp:attachment":[{"href":"https:\/\/stage.shop-cellularswiss.ch\/de\/wp-json\/wp\/v2\/media?parent=73403"}],"wp:term":[{"taxonomy":"pwb-brand","embeddable":true,"href":"https:\/\/stage.shop-cellularswiss.ch\/de\/wp-json\/wp\/v2\/pwb-brand?post=73403"},{"taxonomy":"product_cat","embeddable":true,"href":"https:\/\/stage.shop-cellularswiss.ch\/de\/wp-json\/wp\/v2\/product_cat?post=73403"},{"taxonomy":"product_tag","embeddable":true,"href":"https:\/\/stage.shop-cellularswiss.ch\/de\/wp-json\/wp\/v2\/product_tag?post=73403"},{"taxonomy":"compatibilite","embeddable":true,"href":"https:\/\/stage.shop-cellularswiss.ch\/de\/wp-json\/wp\/v2\/compatibilite?post=73403"},{"taxonomy":"compatibilite_smartphone","embeddable":true,"href":"https:\/\/stage.shop-cellularswiss.ch\/de\/wp-json\/wp\/v2\/compatibilite_smartphone?post=73403"}],"curies":[{"name":"wp","href":"https:\/\/api.w.org\/{rel}","templated":true}]}}