
{"id":73412,"date":"2021-12-03T15:59:31","date_gmt":"2021-12-03T14:59:31","guid":{"rendered":"https:\/\/stage.shop-cellularswiss.ch\/produit\/soft-redmi-note-10-5g\/"},"modified":"2021-12-03T15:59:36","modified_gmt":"2021-12-03T14:59:36","slug":"soft-redmi-note-10-5g","status":"publish","type":"product","link":"https:\/\/stage.shop-cellularswiss.ch\/de\/produit\/soft-redmi-note-10-5g\/","title":{"rendered":"Soft &#8211; Redmi Note 10 5G"},"content":{"rendered":"<p>Soft ist eine ultrad\u00fcnne und durchsichtige H\u00fclle aus weichem Gummi mit Glanz-Finish, die einen perfekten Schutz der Kanten und der R\u00fcckseite des Smartphones liefert, ohne dass man auf die Unterstreichung und Hervorhebung des Designs verzichten muss.<\/p>\n","protected":false},"excerpt":{"rendered":"<p>Sch\u00fctzt und unterstreicht das Design des Smartphones<\/p>\n","protected":false},"featured_media":72208,"comment_status":"closed","ping_status":"open","template":"","meta":{"_et_pb_use_builder":"","_et_pb_old_content":"","_et_gb_content_width":""},"pwb-brand":[],"product_cat":[542,559],"product_tag":[],"compatibilite":[],"compatibilite_smartphone":[5090],"brands":[],"_links":{"self":[{"href":"https:\/\/stage.shop-cellularswiss.ch\/de\/wp-json\/wp\/v2\/product\/73412"}],"collection":[{"href":"https:\/\/stage.shop-cellularswiss.ch\/de\/wp-json\/wp\/v2\/product"}],"about":[{"href":"https:\/\/stage.shop-cellularswiss.ch\/de\/wp-json\/wp\/v2\/types\/product"}],"replies":[{"embeddable":true,"href":"https:\/\/stage.shop-cellularswiss.ch\/de\/wp-json\/wp\/v2\/comments?post=73412"}],"wp:featuredmedia":[{"embeddable":true,"href":"https:\/\/stage.shop-cellularswiss.ch\/de\/wp-json\/wp\/v2\/media\/72208"}],"wp:attachment":[{"href":"https:\/\/stage.shop-cellularswiss.ch\/de\/wp-json\/wp\/v2\/media?parent=73412"}],"wp:term":[{"taxonomy":"pwb-brand","embeddable":true,"href":"https:\/\/stage.shop-cellularswiss.ch\/de\/wp-json\/wp\/v2\/pwb-brand?post=73412"},{"taxonomy":"product_cat","embeddable":true,"href":"https:\/\/stage.shop-cellularswiss.ch\/de\/wp-json\/wp\/v2\/product_cat?post=73412"},{"taxonomy":"product_tag","embeddable":true,"href":"https:\/\/stage.shop-cellularswiss.ch\/de\/wp-json\/wp\/v2\/product_tag?post=73412"},{"taxonomy":"compatibilite","embeddable":true,"href":"https:\/\/stage.shop-cellularswiss.ch\/de\/wp-json\/wp\/v2\/compatibilite?post=73412"},{"taxonomy":"compatibilite_smartphone","embeddable":true,"href":"https:\/\/stage.shop-cellularswiss.ch\/de\/wp-json\/wp\/v2\/compatibilite_smartphone?post=73412"}],"curies":[{"name":"wp","href":"https:\/\/api.w.org\/{rel}","templated":true}]}}