
{"id":73413,"date":"2021-12-03T15:59:36","date_gmt":"2021-12-03T14:59:36","guid":{"rendered":"https:\/\/stage.shop-cellularswiss.ch\/produit\/desk-holder-universal-for-smartphones-and-tablets\/"},"modified":"2021-12-03T15:59:39","modified_gmt":"2021-12-03T14:59:39","slug":"desk-holder-universal-for-smartphones-and-tablets","status":"publish","type":"product","link":"https:\/\/stage.shop-cellularswiss.ch\/de\/produit\/desk-holder-universal-for-smartphones-and-tablets\/","title":{"rendered":"Desk Holder &#8211; Universal for Smartphones and Tablets"},"content":{"rendered":"<p>DESK HOLDER ist der ideale St\u00e4nder f\u00fcr Smartphones und Tablets. Er ist kompakt und faltbar und kann dank seiner einstellbaren H\u00f6he leicht transportiert und sowohl im vertikalen als auch im horizontalen Anzeigemodus verwendet werden. Das essentielle und funktionelle Design kombiniert eine rutschfeste und kratzfeste Gummir\u00fcckseite mit Metalldetails.<\/p>\n","protected":false},"excerpt":{"rendered":"<p>Faltbarer Tischst\u00e4nder f\u00fcr Smartphones und Tablets<\/p>\n","protected":false},"featured_media":72220,"comment_status":"closed","ping_status":"open","template":"","meta":{"_et_pb_use_builder":"","_et_pb_old_content":"","_et_gb_content_width":""},"pwb-brand":[],"product_cat":[544,542],"product_tag":[],"compatibilite":[],"compatibilite_smartphone":[4658],"brands":[],"_links":{"self":[{"href":"https:\/\/stage.shop-cellularswiss.ch\/de\/wp-json\/wp\/v2\/product\/73413"}],"collection":[{"href":"https:\/\/stage.shop-cellularswiss.ch\/de\/wp-json\/wp\/v2\/product"}],"about":[{"href":"https:\/\/stage.shop-cellularswiss.ch\/de\/wp-json\/wp\/v2\/types\/product"}],"replies":[{"embeddable":true,"href":"https:\/\/stage.shop-cellularswiss.ch\/de\/wp-json\/wp\/v2\/comments?post=73413"}],"wp:featuredmedia":[{"embeddable":true,"href":"https:\/\/stage.shop-cellularswiss.ch\/de\/wp-json\/wp\/v2\/media\/72220"}],"wp:attachment":[{"href":"https:\/\/stage.shop-cellularswiss.ch\/de\/wp-json\/wp\/v2\/media?parent=73413"}],"wp:term":[{"taxonomy":"pwb-brand","embeddable":true,"href":"https:\/\/stage.shop-cellularswiss.ch\/de\/wp-json\/wp\/v2\/pwb-brand?post=73413"},{"taxonomy":"product_cat","embeddable":true,"href":"https:\/\/stage.shop-cellularswiss.ch\/de\/wp-json\/wp\/v2\/product_cat?post=73413"},{"taxonomy":"product_tag","embeddable":true,"href":"https:\/\/stage.shop-cellularswiss.ch\/de\/wp-json\/wp\/v2\/product_tag?post=73413"},{"taxonomy":"compatibilite","embeddable":true,"href":"https:\/\/stage.shop-cellularswiss.ch\/de\/wp-json\/wp\/v2\/compatibilite?post=73413"},{"taxonomy":"compatibilite_smartphone","embeddable":true,"href":"https:\/\/stage.shop-cellularswiss.ch\/de\/wp-json\/wp\/v2\/compatibilite_smartphone?post=73413"}],"curies":[{"name":"wp","href":"https:\/\/api.w.org\/{rel}","templated":true}]}}