
{"id":73613,"date":"2021-12-08T16:27:53","date_gmt":"2021-12-08T15:29:36","guid":{"rendered":"https:\/\/stage.shop-cellularswiss.ch\/produit\/speaker-bluetooth-music-sound-vertical\/"},"modified":"2021-12-08T16:29:47","modified_gmt":"2021-12-08T15:29:47","slug":"speaker-bluetooth-music-sound-vertical","status":"publish","type":"product","link":"https:\/\/stage.shop-cellularswiss.ch\/de\/produit\/speaker-bluetooth-music-sound-vertical\/","title":{"rendered":"Speaker Bluetooth Music Sound VERTICAL"},"content":{"rendered":"<p>Der Vertical Speaker ist ein Produkt f\u00fcr junge Leute, die Spa\u00df haben wollen, w\u00e4hrend sie mit Freunden tolle Musik h\u00f6ren. Mit seinem modernen Design und den vier Farbvarianten passt er zu jedem Stil. Er eignet sich perfekt als Outdoor-Lautsprecher und kann \u00fcberallhin mitgenommen werden, um bis zu 5 Stunden lang ununterbrochen Musik zu h\u00f6ren. Mit dem elastischen Riemen l\u00e4sst er sich leicht an einem Rucksack befestigen. Der Vertical Speaker ist mit Bluetooth 5.0 ausgestattet<\/p>\n","protected":false},"excerpt":{"rendered":"<p>Leistungsstarker und farbenfroher Bluetooth Music Sound-Lautsprecher<\/p>\n","protected":false},"featured_media":73530,"comment_status":"closed","ping_status":"closed","template":"","meta":{"_et_pb_use_builder":"","_et_pb_old_content":"","_et_gb_content_width":""},"pwb-brand":[],"product_cat":[472,484],"product_tag":[],"compatibilite":[],"compatibilite_smartphone":[4725],"brands":[],"_links":{"self":[{"href":"https:\/\/stage.shop-cellularswiss.ch\/de\/wp-json\/wp\/v2\/product\/73613"}],"collection":[{"href":"https:\/\/stage.shop-cellularswiss.ch\/de\/wp-json\/wp\/v2\/product"}],"about":[{"href":"https:\/\/stage.shop-cellularswiss.ch\/de\/wp-json\/wp\/v2\/types\/product"}],"replies":[{"embeddable":true,"href":"https:\/\/stage.shop-cellularswiss.ch\/de\/wp-json\/wp\/v2\/comments?post=73613"}],"wp:featuredmedia":[{"embeddable":true,"href":"https:\/\/stage.shop-cellularswiss.ch\/de\/wp-json\/wp\/v2\/media\/73530"}],"wp:attachment":[{"href":"https:\/\/stage.shop-cellularswiss.ch\/de\/wp-json\/wp\/v2\/media?parent=73613"}],"wp:term":[{"taxonomy":"pwb-brand","embeddable":true,"href":"https:\/\/stage.shop-cellularswiss.ch\/de\/wp-json\/wp\/v2\/pwb-brand?post=73613"},{"taxonomy":"product_cat","embeddable":true,"href":"https:\/\/stage.shop-cellularswiss.ch\/de\/wp-json\/wp\/v2\/product_cat?post=73613"},{"taxonomy":"product_tag","embeddable":true,"href":"https:\/\/stage.shop-cellularswiss.ch\/de\/wp-json\/wp\/v2\/product_tag?post=73613"},{"taxonomy":"compatibilite","embeddable":true,"href":"https:\/\/stage.shop-cellularswiss.ch\/de\/wp-json\/wp\/v2\/compatibilite?post=73613"},{"taxonomy":"compatibilite_smartphone","embeddable":true,"href":"https:\/\/stage.shop-cellularswiss.ch\/de\/wp-json\/wp\/v2\/compatibilite_smartphone?post=73613"}],"curies":[{"name":"wp","href":"https:\/\/api.w.org\/{rel}","templated":true}]}}