
{"id":73618,"date":"2021-12-08T16:29:44","date_gmt":"2021-12-08T15:29:44","guid":{"rendered":"https:\/\/stage.shop-cellularswiss.ch\/produit\/music-sound-gaming-headphones\/"},"modified":"2021-12-08T16:29:50","modified_gmt":"2021-12-08T15:29:50","slug":"music-sound-gaming-headphones","status":"publish","type":"product","link":"https:\/\/stage.shop-cellularswiss.ch\/de\/produit\/music-sound-gaming-headphones\/","title":{"rendered":"MUSIC SOUND GAMING HEADPHONES"},"content":{"rendered":"<p>Ein kabelgebundenes Gaming-Headset f\u00fcr beeindruckenden Sound, der die Action im Spiel unterstreicht. Dank des aufklappbaren Mikrofons k\u00f6nnen Sie w\u00e4hrend des Spiels mit Freunden chatten. Mit der On\/Off-Stummschaltung und dem praktischen Lautst\u00e4rkeregler k\u00f6nnen Sie die am h\u00e4ufigsten verwendeten Funktionen schnell verwalten. Das ergonomische, leichte Design sorgt f\u00fcr maximalen Komfort bei langen Gaming-Sessions. Dank der 3,5-mm-Buchse ist die Kompatibilit\u00e4t mit allen Plattformen gew\u00e4hrleistet.<\/p>\n","protected":false},"excerpt":{"rendered":"<p>Wired Gaming Headset with microphone<\/p>\n","protected":false},"featured_media":73562,"comment_status":"closed","ping_status":"open","template":"","meta":{"_et_pb_use_builder":"","_et_pb_old_content":"","_et_gb_content_width":""},"pwb-brand":[],"product_cat":[472,474],"product_tag":[],"compatibilite":[],"compatibilite_smartphone":[4725],"brands":[],"_links":{"self":[{"href":"https:\/\/stage.shop-cellularswiss.ch\/de\/wp-json\/wp\/v2\/product\/73618"}],"collection":[{"href":"https:\/\/stage.shop-cellularswiss.ch\/de\/wp-json\/wp\/v2\/product"}],"about":[{"href":"https:\/\/stage.shop-cellularswiss.ch\/de\/wp-json\/wp\/v2\/types\/product"}],"replies":[{"embeddable":true,"href":"https:\/\/stage.shop-cellularswiss.ch\/de\/wp-json\/wp\/v2\/comments?post=73618"}],"wp:featuredmedia":[{"embeddable":true,"href":"https:\/\/stage.shop-cellularswiss.ch\/de\/wp-json\/wp\/v2\/media\/73562"}],"wp:attachment":[{"href":"https:\/\/stage.shop-cellularswiss.ch\/de\/wp-json\/wp\/v2\/media?parent=73618"}],"wp:term":[{"taxonomy":"pwb-brand","embeddable":true,"href":"https:\/\/stage.shop-cellularswiss.ch\/de\/wp-json\/wp\/v2\/pwb-brand?post=73618"},{"taxonomy":"product_cat","embeddable":true,"href":"https:\/\/stage.shop-cellularswiss.ch\/de\/wp-json\/wp\/v2\/product_cat?post=73618"},{"taxonomy":"product_tag","embeddable":true,"href":"https:\/\/stage.shop-cellularswiss.ch\/de\/wp-json\/wp\/v2\/product_tag?post=73618"},{"taxonomy":"compatibilite","embeddable":true,"href":"https:\/\/stage.shop-cellularswiss.ch\/de\/wp-json\/wp\/v2\/compatibilite?post=73618"},{"taxonomy":"compatibilite_smartphone","embeddable":true,"href":"https:\/\/stage.shop-cellularswiss.ch\/de\/wp-json\/wp\/v2\/compatibilite_smartphone?post=73618"}],"curies":[{"name":"wp","href":"https:\/\/api.w.org\/{rel}","templated":true}]}}