
{"id":73621,"date":"2021-12-08T16:29:54","date_gmt":"2021-12-08T15:29:54","guid":{"rendered":"https:\/\/stage.shop-cellularswiss.ch\/produit\/voice-classic-universel\/"},"modified":"2021-12-08T16:29:59","modified_gmt":"2021-12-08T15:29:59","slug":"voice-classic-universel","status":"publish","type":"product","link":"https:\/\/stage.shop-cellularswiss.ch\/de\/produit\/voice-classic-universel\/","title":{"rendered":"VOICE CLASSIC &#8211; UNIVERSEL"},"content":{"rendered":"<p>Voice Classic ist das neue Stereo-Headset in klassischer Form mit konischen \u201eEar-Fit\u201c-Lautsprechern und Mikrofon mit Anrufannahmetaste und \u201eClear Voice\u201c-Technologie \u2013 ideal f\u00fcr Benutzer, die eine klare und pr\u00e4zise Sprachqualit\u00e4t w\u00fcnschen. Das Voice Classic Headset ist in zwei Farben erh\u00e4ltlich. W\u00e4hle deine Lieblingsfarbe aus.<\/p>\n","protected":false},"excerpt":{"rendered":"<p>Das Headset f\u00fcr Telefonate in vollkommener Freiheit<\/p>\n","protected":false},"featured_media":73518,"comment_status":"closed","ping_status":"open","template":"","meta":{"_et_pb_use_builder":"","_et_pb_old_content":"","_et_gb_content_width":""},"pwb-brand":[],"product_cat":[493,512],"product_tag":[],"compatibilite":[],"compatibilite_smartphone":[4725],"brands":[],"_links":{"self":[{"href":"https:\/\/stage.shop-cellularswiss.ch\/de\/wp-json\/wp\/v2\/product\/73621"}],"collection":[{"href":"https:\/\/stage.shop-cellularswiss.ch\/de\/wp-json\/wp\/v2\/product"}],"about":[{"href":"https:\/\/stage.shop-cellularswiss.ch\/de\/wp-json\/wp\/v2\/types\/product"}],"replies":[{"embeddable":true,"href":"https:\/\/stage.shop-cellularswiss.ch\/de\/wp-json\/wp\/v2\/comments?post=73621"}],"wp:featuredmedia":[{"embeddable":true,"href":"https:\/\/stage.shop-cellularswiss.ch\/de\/wp-json\/wp\/v2\/media\/73518"}],"wp:attachment":[{"href":"https:\/\/stage.shop-cellularswiss.ch\/de\/wp-json\/wp\/v2\/media?parent=73621"}],"wp:term":[{"taxonomy":"pwb-brand","embeddable":true,"href":"https:\/\/stage.shop-cellularswiss.ch\/de\/wp-json\/wp\/v2\/pwb-brand?post=73621"},{"taxonomy":"product_cat","embeddable":true,"href":"https:\/\/stage.shop-cellularswiss.ch\/de\/wp-json\/wp\/v2\/product_cat?post=73621"},{"taxonomy":"product_tag","embeddable":true,"href":"https:\/\/stage.shop-cellularswiss.ch\/de\/wp-json\/wp\/v2\/product_tag?post=73621"},{"taxonomy":"compatibilite","embeddable":true,"href":"https:\/\/stage.shop-cellularswiss.ch\/de\/wp-json\/wp\/v2\/compatibilite?post=73621"},{"taxonomy":"compatibilite_smartphone","embeddable":true,"href":"https:\/\/stage.shop-cellularswiss.ch\/de\/wp-json\/wp\/v2\/compatibilite_smartphone?post=73621"}],"curies":[{"name":"wp","href":"https:\/\/api.w.org\/{rel}","templated":true}]}}