
{"id":76554,"date":"2022-01-05T15:13:15","date_gmt":"2022-01-05T14:13:15","guid":{"rendered":"https:\/\/stage.shop-cellularswiss.ch\/produit\/tetra-force-shock-twist-iphone-se-2020-8-7-2\/"},"modified":"2022-01-05T15:13:29","modified_gmt":"2022-01-05T14:13:29","slug":"tetra-force-shock-twist-iphone-se-2020-8-7-2","status":"publish","type":"product","link":"https:\/\/stage.shop-cellularswiss.ch\/de\/produit\/tetra-force-shock-twist-iphone-se-2020-8-7-2\/","title":{"rendered":"Tetra Force Shock-Twist &#8211; iPhone SE (2020)\/8\/7"},"content":{"rendered":"<p>Die flexible, ultrasch\u00fctzende H\u00fclle TETRA FORCE SHOCK TWIST ist aus technologisch fortschrittlichen Materialien gefertigt, die die vom Sturz erzeugten Schwingungen d\u00e4mpfen und verteilen k\u00f6nnen, ideal f\u00fcr alle, die maximalen Schutz f\u00fcr ihr Smartphone suchen. Die von Cellularline entwickelte Technologie IDS (Impact Dissipating System)\u2122 verwendet das innovative Versaflex\u2122-Material, das die durch den Aufprall erzeugte Energie verteilt und m\u00f6gliche Sch\u00e4den an den \u00e4u\u00dferen und inneren Bauteilen des Smartphones vermeidet. Tetra Force Shock Twist hat eine lebenslange Garantie: Weitere Informationen finden Sie im Bereich Guaranteed For Life von Cellularline.<\/p>\n","protected":false},"excerpt":{"rendered":"<p>Weiches ultrasch\u00fctzendes Anti-Shock-Case<\/p>\n","protected":false},"featured_media":75634,"comment_status":"closed","ping_status":"open","template":"","meta":{"_et_pb_use_builder":"","_et_pb_old_content":"","_et_gb_content_width":""},"pwb-brand":[],"product_cat":[542,559],"product_tag":[],"compatibilite":[],"compatibilite_smartphone":[4575],"brands":[],"_links":{"self":[{"href":"https:\/\/stage.shop-cellularswiss.ch\/de\/wp-json\/wp\/v2\/product\/76554"}],"collection":[{"href":"https:\/\/stage.shop-cellularswiss.ch\/de\/wp-json\/wp\/v2\/product"}],"about":[{"href":"https:\/\/stage.shop-cellularswiss.ch\/de\/wp-json\/wp\/v2\/types\/product"}],"replies":[{"embeddable":true,"href":"https:\/\/stage.shop-cellularswiss.ch\/de\/wp-json\/wp\/v2\/comments?post=76554"}],"wp:featuredmedia":[{"embeddable":true,"href":"https:\/\/stage.shop-cellularswiss.ch\/de\/wp-json\/wp\/v2\/media\/75634"}],"wp:attachment":[{"href":"https:\/\/stage.shop-cellularswiss.ch\/de\/wp-json\/wp\/v2\/media?parent=76554"}],"wp:term":[{"taxonomy":"pwb-brand","embeddable":true,"href":"https:\/\/stage.shop-cellularswiss.ch\/de\/wp-json\/wp\/v2\/pwb-brand?post=76554"},{"taxonomy":"product_cat","embeddable":true,"href":"https:\/\/stage.shop-cellularswiss.ch\/de\/wp-json\/wp\/v2\/product_cat?post=76554"},{"taxonomy":"product_tag","embeddable":true,"href":"https:\/\/stage.shop-cellularswiss.ch\/de\/wp-json\/wp\/v2\/product_tag?post=76554"},{"taxonomy":"compatibilite","embeddable":true,"href":"https:\/\/stage.shop-cellularswiss.ch\/de\/wp-json\/wp\/v2\/compatibilite?post=76554"},{"taxonomy":"compatibilite_smartphone","embeddable":true,"href":"https:\/\/stage.shop-cellularswiss.ch\/de\/wp-json\/wp\/v2\/compatibilite_smartphone?post=76554"}],"curies":[{"name":"wp","href":"https:\/\/api.w.org\/{rel}","templated":true}]}}