
{"id":76558,"date":"2022-01-05T15:13:28","date_gmt":"2022-01-05T14:13:28","guid":{"rendered":"https:\/\/stage.shop-cellularswiss.ch\/produit\/tetra-force-shock-tech-iphone-se-2020-8-7\/"},"modified":"2022-01-05T15:13:37","modified_gmt":"2022-01-05T14:13:37","slug":"tetra-force-shock-tech-iphone-se-2020-8-7","status":"publish","type":"product","link":"https:\/\/stage.shop-cellularswiss.ch\/de\/produit\/tetra-force-shock-tech-iphone-se-2020-8-7\/","title":{"rendered":"Tetra Force Shock-Tech &#8211; iPhone SE (2020)\/8\/7"},"content":{"rendered":"<p>Tetra Force Shock-Tech ist die neue Schutzh\u00fclle f\u00fcr das iPhone 8\/7 mit starrer R\u00fcckseite und weichem Rahmen. Sie ist aus technologisch fortschrittlichen Materialien gefertigt, die die durch das Herunterfallen erzeugten Schwingungen d\u00e4mpfen und verteilen k\u00f6nnen, und ideal f\u00fcr alle, die maximalen Schutz f\u00fcr ihr Smartphone suchen. Die von Cellularline entwickelte innovative IDS-Technologie (Impact Dissipating System)TM erm\u00f6glicht die Verteilung der vom Sto\u00df erzeugten Energie entlang aller R\u00e4nder und die Kompensation der vom Aufprall auf die Oberfl\u00e4che erzeugten Wellen und Schwingungen. Die starre R\u00fcckseite garantiert zusammen mit dem weichen Rahmen und dem inneren Schutzband einen Dreifach-Schutz f\u00fcr dein iPhone 7 bei St\u00f6\u00dfen und Herunterfallen. Au\u00dferdem kann Tetra Force Shock-Tech dank seiner ergonomischen Form und der starren R\u00fcckseite aus ultratransparentem, kratzgesch\u00fctztem Material h\u00f6chste Technologie f\u00fcr maximalen Schutz bieten und gleichzeitig das Design des iPhone unterstreichen. Die Tetra Force Shock-Tech hat eine lebenslange Garantie: weitere Informationen findest du im Bereich Guaranteed For Life von Cellularline<\/p>\n","protected":false},"excerpt":{"rendered":"<p>Dreifach-Schutz bei St\u00f6\u00dfen und Herunterfallen<\/p>\n","protected":false},"featured_media":75694,"comment_status":"closed","ping_status":"open","template":"","meta":{"_et_pb_use_builder":"","_et_pb_old_content":"","_et_gb_content_width":""},"pwb-brand":[],"product_cat":[542,559],"product_tag":[],"compatibilite":[],"compatibilite_smartphone":[4575],"brands":[],"_links":{"self":[{"href":"https:\/\/stage.shop-cellularswiss.ch\/de\/wp-json\/wp\/v2\/product\/76558"}],"collection":[{"href":"https:\/\/stage.shop-cellularswiss.ch\/de\/wp-json\/wp\/v2\/product"}],"about":[{"href":"https:\/\/stage.shop-cellularswiss.ch\/de\/wp-json\/wp\/v2\/types\/product"}],"replies":[{"embeddable":true,"href":"https:\/\/stage.shop-cellularswiss.ch\/de\/wp-json\/wp\/v2\/comments?post=76558"}],"wp:featuredmedia":[{"embeddable":true,"href":"https:\/\/stage.shop-cellularswiss.ch\/de\/wp-json\/wp\/v2\/media\/75694"}],"wp:attachment":[{"href":"https:\/\/stage.shop-cellularswiss.ch\/de\/wp-json\/wp\/v2\/media?parent=76558"}],"wp:term":[{"taxonomy":"pwb-brand","embeddable":true,"href":"https:\/\/stage.shop-cellularswiss.ch\/de\/wp-json\/wp\/v2\/pwb-brand?post=76558"},{"taxonomy":"product_cat","embeddable":true,"href":"https:\/\/stage.shop-cellularswiss.ch\/de\/wp-json\/wp\/v2\/product_cat?post=76558"},{"taxonomy":"product_tag","embeddable":true,"href":"https:\/\/stage.shop-cellularswiss.ch\/de\/wp-json\/wp\/v2\/product_tag?post=76558"},{"taxonomy":"compatibilite","embeddable":true,"href":"https:\/\/stage.shop-cellularswiss.ch\/de\/wp-json\/wp\/v2\/compatibilite?post=76558"},{"taxonomy":"compatibilite_smartphone","embeddable":true,"href":"https:\/\/stage.shop-cellularswiss.ch\/de\/wp-json\/wp\/v2\/compatibilite_smartphone?post=76558"}],"curies":[{"name":"wp","href":"https:\/\/api.w.org\/{rel}","templated":true}]}}