
{"id":76562,"date":"2022-01-05T15:13:41","date_gmt":"2022-01-05T14:13:41","guid":{"rendered":"https:\/\/stage.shop-cellularswiss.ch\/produit\/tetraforce-cable-200cm-usb-c-to-usb-c\/"},"modified":"2022-01-05T15:13:45","modified_gmt":"2022-01-05T14:13:45","slug":"tetraforce-cable-200cm-usb-c-to-usb-c","status":"publish","type":"product","link":"https:\/\/stage.shop-cellularswiss.ch\/de\/produit\/tetraforce-cable-200cm-usb-c-to-usb-c\/","title":{"rendered":"Tetraforce Cable 200cm &#8211; USB-C to USB-C"},"content":{"rendered":"<p>STRONG CABLE aus der TETRAFORCE-Serie ist das robusteste Kabel im Cellularline-Portfolio. Die um 30 % verl\u00e4ngerte Kabelf\u00fchrung ist mit Snake-Technologie ausgestattet und ultraflexibel sowie superrobust auch bei h\u00f6chster Belastung; sie sch\u00fctzt den empfindlichsten Teil des Kabels und erlaubt, das Kabel bis zu 10.000-mal zu biegen \u2013 zehnmal so h\u00e4ufig wie bei herk\u00f6mmlichen Kabeln. Die f\u00fcr Strong Cable verwendeten Materialien wurden f\u00fcr h\u00f6chste Langlebigkeit entwickelt: Steckverbindungen aus Metall machen unempfindlich gegen St\u00f6\u00dfe und Druck, Kabelabdeckung mit doppeltem Geflecht aus verst\u00e4rktem Stoff f\u00fcr extreme Flexibilit\u00e4t und Robustheit, Geh\u00e4use aus Aluminiumlegierung, innerer Kern aus hochreinem Kupfer und Aramidfasern von DuPont\u2122 Kevlar\u00ae.DuPont\u2122 und Kevlar\u00ae sind registrierte Handelsmarken oder Handelsmarken von EI du Pont de Nemours and Company oder seinen verbundenen Unternehmen.<\/p>\n","protected":false},"excerpt":{"rendered":"<p>Ultra-widerstandsf\u00e4higes USB-Kabel<\/p>\n","protected":false},"featured_media":75606,"comment_status":"closed","ping_status":"open","template":"","meta":{"_et_pb_use_builder":"","_et_pb_old_content":"","_et_gb_content_width":""},"pwb-brand":[],"product_cat":[3863,1781],"product_tag":[],"compatibilite":[],"compatibilite_smartphone":[4661],"brands":[],"_links":{"self":[{"href":"https:\/\/stage.shop-cellularswiss.ch\/de\/wp-json\/wp\/v2\/product\/76562"}],"collection":[{"href":"https:\/\/stage.shop-cellularswiss.ch\/de\/wp-json\/wp\/v2\/product"}],"about":[{"href":"https:\/\/stage.shop-cellularswiss.ch\/de\/wp-json\/wp\/v2\/types\/product"}],"replies":[{"embeddable":true,"href":"https:\/\/stage.shop-cellularswiss.ch\/de\/wp-json\/wp\/v2\/comments?post=76562"}],"wp:featuredmedia":[{"embeddable":true,"href":"https:\/\/stage.shop-cellularswiss.ch\/de\/wp-json\/wp\/v2\/media\/75606"}],"wp:attachment":[{"href":"https:\/\/stage.shop-cellularswiss.ch\/de\/wp-json\/wp\/v2\/media?parent=76562"}],"wp:term":[{"taxonomy":"pwb-brand","embeddable":true,"href":"https:\/\/stage.shop-cellularswiss.ch\/de\/wp-json\/wp\/v2\/pwb-brand?post=76562"},{"taxonomy":"product_cat","embeddable":true,"href":"https:\/\/stage.shop-cellularswiss.ch\/de\/wp-json\/wp\/v2\/product_cat?post=76562"},{"taxonomy":"product_tag","embeddable":true,"href":"https:\/\/stage.shop-cellularswiss.ch\/de\/wp-json\/wp\/v2\/product_tag?post=76562"},{"taxonomy":"compatibilite","embeddable":true,"href":"https:\/\/stage.shop-cellularswiss.ch\/de\/wp-json\/wp\/v2\/compatibilite?post=76562"},{"taxonomy":"compatibilite_smartphone","embeddable":true,"href":"https:\/\/stage.shop-cellularswiss.ch\/de\/wp-json\/wp\/v2\/compatibilite_smartphone?post=76562"}],"curies":[{"name":"wp","href":"https:\/\/api.w.org\/{rel}","templated":true}]}}