
{"id":76565,"date":"2022-01-05T15:13:50","date_gmt":"2022-01-05T14:13:50","guid":{"rendered":"https:\/\/stage.shop-cellularswiss.ch\/produit\/music-sound-tws-capsule-fantasy\/"},"modified":"2022-01-05T15:14:10","modified_gmt":"2022-01-05T14:14:10","slug":"music-sound-tws-capsule-fantasy","status":"publish","type":"product","link":"https:\/\/stage.shop-cellularswiss.ch\/de\/produit\/music-sound-tws-capsule-fantasy\/","title":{"rendered":"MUSIC SOUND TWS CAPSULE FANTASY"},"content":{"rendered":"<p>Die TWS Music Sound Kapselkopfh\u00f6rer sind bequem, jugendlich und farbenfroh. Sie wurden f\u00fcr junge Leute entwickelt, die dank der v\u00f6llig kabellosen True Wireless-Technologie ihre Lieblingssongs in v\u00f6lliger Freiheit h\u00f6ren m\u00f6chten. Die Kapselform der Ohrh\u00f6rer sorgt f\u00fcr ausgewogenen Klang und optimalen Komfort. Mit der Originalh\u00fclle k\u00f6nnen die Ohrh\u00f6rer bis zu 5 Mal aufgeladen werden, was eine Musikwiedergabe von insgesamt 15 Stunden erm\u00f6glicht.<\/p>\n","protected":false},"excerpt":{"rendered":"<p>TWS Bluetooth-Kapsel-Headset in verschiedenen Mustern und Farben<\/p>\n","protected":false},"featured_media":75450,"comment_status":"closed","ping_status":"open","template":"","meta":{"_et_pb_use_builder":"","_et_pb_old_content":"","_et_gb_content_width":""},"pwb-brand":[],"product_cat":[542,559],"product_tag":[],"compatibilite":[],"compatibilite_smartphone":[4725],"brands":[],"_links":{"self":[{"href":"https:\/\/stage.shop-cellularswiss.ch\/de\/wp-json\/wp\/v2\/product\/76565"}],"collection":[{"href":"https:\/\/stage.shop-cellularswiss.ch\/de\/wp-json\/wp\/v2\/product"}],"about":[{"href":"https:\/\/stage.shop-cellularswiss.ch\/de\/wp-json\/wp\/v2\/types\/product"}],"replies":[{"embeddable":true,"href":"https:\/\/stage.shop-cellularswiss.ch\/de\/wp-json\/wp\/v2\/comments?post=76565"}],"wp:featuredmedia":[{"embeddable":true,"href":"https:\/\/stage.shop-cellularswiss.ch\/de\/wp-json\/wp\/v2\/media\/75450"}],"wp:attachment":[{"href":"https:\/\/stage.shop-cellularswiss.ch\/de\/wp-json\/wp\/v2\/media?parent=76565"}],"wp:term":[{"taxonomy":"pwb-brand","embeddable":true,"href":"https:\/\/stage.shop-cellularswiss.ch\/de\/wp-json\/wp\/v2\/pwb-brand?post=76565"},{"taxonomy":"product_cat","embeddable":true,"href":"https:\/\/stage.shop-cellularswiss.ch\/de\/wp-json\/wp\/v2\/product_cat?post=76565"},{"taxonomy":"product_tag","embeddable":true,"href":"https:\/\/stage.shop-cellularswiss.ch\/de\/wp-json\/wp\/v2\/product_tag?post=76565"},{"taxonomy":"compatibilite","embeddable":true,"href":"https:\/\/stage.shop-cellularswiss.ch\/de\/wp-json\/wp\/v2\/compatibilite?post=76565"},{"taxonomy":"compatibilite_smartphone","embeddable":true,"href":"https:\/\/stage.shop-cellularswiss.ch\/de\/wp-json\/wp\/v2\/compatibilite_smartphone?post=76565"}],"curies":[{"name":"wp","href":"https:\/\/api.w.org\/{rel}","templated":true}]}}